{"id":20,"date":"2023-05-29T13:50:01","date_gmt":"2023-05-29T11:50:01","guid":{"rendered":"https:\/\/centre-babel.fr\/ouessant\/?page_id=20"},"modified":"2023-06-13T11:54:58","modified_gmt":"2023-06-13T09:54:58","slug":"contact","status":"publish","type":"page","link":"https:\/\/centre-babel.fr\/ouessant\/contact\/","title":{"rendered":"CONTACT"},"content":{"rendered":"<div id='av_section_1'  class='avia-section av-535do-0652edb5695cee75dd0b24309e84cae4 main_color avia-section-default avia-no-border-styling  avia-builder-el-0  avia-builder-el-no-sibling  avia-bg-style-scroll container_wrap sidebar_right'  ><div class='container av-section-cont-open' ><main  role=\"main\" itemprop=\"mainContentOfPage\"  class='template-page content  av-content-small alpha units'><div class='post-entry post-entry-type-page post-entry-20'><div class='entry-content-wrapper clearfix'>\n<div class='flex_column_table av-fxh0-01bdcc68bb9f4ab3f803184ab1d9f054 sc-av_one_half av-equal-height-column-flextable'>\n<style type=\"text\/css\" data-created_by=\"avia_inline_auto\" id=\"style-css-av-fxh0-01bdcc68bb9f4ab3f803184ab1d9f054\">\n.flex_column.av-fxh0-01bdcc68bb9f4ab3f803184ab1d9f054{\npadding:30px 30px 30px 30px;\nbackground-color:#0fb1d2;\n}\n<\/style>\n<div  class='flex_column av-fxh0-01bdcc68bb9f4ab3f803184ab1d9f054 av_one_half  avia-builder-el-1  el_before_av_one_half  avia-builder-el-first  first flex_column_table_cell av-equal-height-column av-align-middle  '     ><p>\n<style type=\"text\/css\" data-created_by=\"avia_inline_auto\" id=\"style-css-av-liab21y3-6bb5f56e9eca39828aad871ed92ace15\">\n#top .av-special-heading.av-liab21y3-6bb5f56e9eca39828aad871ed92ace15{\npadding-bottom:10px;\ncolor:#ffffff;\n}\nbody .av-special-heading.av-liab21y3-6bb5f56e9eca39828aad871ed92ace15 .av-special-heading-tag .heading-char{\nfont-size:25px;\n}\n.av-special-heading.av-liab21y3-6bb5f56e9eca39828aad871ed92ace15 .special-heading-inner-border{\nborder-color:#ffffff;\n}\n.av-special-heading.av-liab21y3-6bb5f56e9eca39828aad871ed92ace15 .av-subheading{\nfont-size:15px;\n}\n<\/style>\n<div  class='av-special-heading av-liab21y3-6bb5f56e9eca39828aad871ed92ace15 av-special-heading-h2 custom-color-heading  avia-builder-el-2  el_before_av_textblock  avia-builder-el-first '><h2 class='av-special-heading-tag '  itemprop=\"headline\"  >CONTACT<\/h2><div class=\"special-heading-border\"><div class=\"special-heading-inner-border\"><\/div><\/div><\/div><br \/>\n\n<style type=\"text\/css\" data-created_by=\"avia_inline_auto\" id=\"style-css-av-3s7c0-fb440d3808e67d96d7f7247b479da568\">\n#top .av_textblock_section.av-3s7c0-fb440d3808e67d96d7f7247b479da568 .avia_textblock{\ncolor:#ffffff;\n}\n<\/style>\n<section  class='av_textblock_section av-3s7c0-fb440d3808e67d96d7f7247b479da568 '   itemscope=\"itemscope\" itemtype=\"https:\/\/schema.org\/CreativeWork\" ><div class='avia_textblock av_inherit_color'  itemprop=\"text\" ><blockquote>\n<p>CENTRE BABEL<\/p>\n<p>Maison de Solenn<br \/>\n97 Boulevard de Port-Royal<br \/>\n75014 Paris<\/p>\n<\/blockquote>\n<blockquote>\n<p><strong>T\u00e9l\u00e9phone :<\/strong> 06 85 30 53 01<\/p>\n<\/blockquote>\n<\/div><\/section><\/p><\/div><div class='av-flex-placeholder'><\/div><div  class='flex_column av-3ff2k-2de078256b78cbedf7fef3708a139608 av_one_half  avia-builder-el-4  el_after_av_one_half  avia-builder-el-last  flex_column_table_cell av-equal-height-column av-align-middle  '     ><form action=\"https:\/\/centre-babel.fr\/ouessant\/contact\/\" method=\"post\" data-fields-with-error=\"Erreurs trouv\u00e9es dans les champs suivants :\" class=\"avia_ajax_form av-form-labels-hidden   avia-builder-el-5  avia-builder-el-no-sibling  av-centered-form   \" data-avia-form-id=\"1\" data-avia-redirect='' ><h3 class=''>Envoyez-nous un mail<\/h3><fieldset><p class='  first_form  form_element form_element_half' id='element_avia_1_1'><label for=\"avia_1_1\">Nom & Pr\u00e9nom <abbr class=\"required\" title=\"requis(e)\">*<\/abbr><\/label> <input name=\"avia_1_1\" class=\"text_input is_empty\" type=\"text\" id=\"avia_1_1\" value=\"\"  placeholder='Nom & Pr\u00e9nom*'\/><\/p><p class='  form_element form_element_half' id='element_avia_2_1'><label for=\"avia_2_1\">E-Mail <abbr class=\"required\" title=\"requis(e)\">*<\/abbr><\/label> <input name=\"avia_2_1\" class=\"text_input is_email\" type=\"text\" id=\"avia_2_1\" value=\"\"  placeholder='E-Mail*'\/><\/p><p class='  first_form  form_element form_fullwidth' id='element_avia_3_1'><label for=\"avia_3_1\" class=\"textare_label hidden textare_label_avia_3_1\">Message <abbr class=\"required\" title=\"requis(e)\">*<\/abbr><\/label><textarea  placeholder='Message*' name=\"avia_3_1\" class=\"text_area is_empty\" cols=\"40\" rows=\"7\" id=\"avia_3_1\" ><\/textarea><\/p><p class=\"hidden\"><input type=\"text\" name=\"avia_4_1\" class=\"hidden \" id=\"avia_4_1\" value=\"\" \/><\/p><p class='   form_element form_fullwidth' id='element_avia_5_1'><span class='value_verifier_label'>3 + 4 = ?<\/span><input name=\"avia_5_1_verifier\" type=\"hidden\" id=\"avia_5_1_verifier\" value=\"837765753\"\/><label for=\"avia_5_1\">Merci de prouver que vous \u00eates un humain en donnant le r\u00e9sultat de cette op\u00e9ration <abbr class=\"required\" title=\"requis(e)\">*<\/abbr><\/label><input name=\"avia_5_1\" class=\"text_input captcha\" type=\"text\" id=\"avia_5_1\" value=\"\"\/><\/p><p class=\"form_element \"><input type=\"hidden\" value=\"1\" name=\"avia_generated_form1\" \/><input type=\"submit\" value=\"Envoyer\" class=\"button\"  data-sending-label=\"Envoi\"\/><\/p><\/fieldset><\/form><div id=\"ajaxresponse_1\" class=\"ajaxresponse ajaxresponse_1 hidden\"><\/div><\/div><\/div><!--close column table wrapper. Autoclose: 1 --><\/div><\/div><\/main><!-- close content main element --><\/div><\/div><div id='after_section_1'  class='main_color av_default_container_wrap container_wrap sidebar_right'  ><div class='container av-section-cont-open' ><div class='template-page content  av-content-small alpha units'><div class='post-entry post-entry-type-page post-entry-20'><div class='entry-content-wrapper clearfix'>\n","protected":false},"excerpt":{"rendered":"","protected":false},"author":1,"featured_media":0,"parent":0,"menu_order":0,"comment_status":"closed","ping_status":"closed","template":"","meta":{"footnotes":""},"class_list":["post-20","page","type-page","status-publish","hentry"],"_links":{"self":[{"href":"https:\/\/centre-babel.fr\/ouessant\/wp-json\/wp\/v2\/pages\/20","targetHints":{"allow":["GET"]}}],"collection":[{"href":"https:\/\/centre-babel.fr\/ouessant\/wp-json\/wp\/v2\/pages"}],"about":[{"href":"https:\/\/centre-babel.fr\/ouessant\/wp-json\/wp\/v2\/types\/page"}],"author":[{"embeddable":true,"href":"https:\/\/centre-babel.fr\/ouessant\/wp-json\/wp\/v2\/users\/1"}],"replies":[{"embeddable":true,"href":"https:\/\/centre-babel.fr\/ouessant\/wp-json\/wp\/v2\/comments?post=20"}],"version-history":[{"count":7,"href":"https:\/\/centre-babel.fr\/ouessant\/wp-json\/wp\/v2\/pages\/20\/revisions"}],"predecessor-version":[{"id":271,"href":"https:\/\/centre-babel.fr\/ouessant\/wp-json\/wp\/v2\/pages\/20\/revisions\/271"}],"wp:attachment":[{"href":"https:\/\/centre-babel.fr\/ouessant\/wp-json\/wp\/v2\/media?parent=20"}],"curies":[{"name":"wp","href":"https:\/\/api.w.org\/{rel}","templated":true}]}}