{"id":326,"date":"2023-07-10T15:53:31","date_gmt":"2023-07-10T13:53:31","guid":{"rendered":"https:\/\/centre-babel.fr\/colloque-babel\/?page_id=326"},"modified":"2023-10-06T09:20:57","modified_gmt":"2023-10-06T07:20:57","slug":"intervenants","status":"publish","type":"page","link":"https:\/\/centre-babel.fr\/colloque-babel\/intervenants\/","title":{"rendered":"INTERVENANTS"},"content":{"rendered":"\n<style type=\"text\/css\" data-created_by=\"avia_inline_auto\" id=\"style-css-av-ljwxm32h-fb34c9aca8e54a595670164eeb84b518\">\n.flex_column.av-ljwxm32h-fb34c9aca8e54a595670164eeb84b518{\npadding:30px 30px 30px 30px;\nbackground-color:#f7f7f7;\n}\n<\/style>\n<div  class='flex_column av-ljwxm32h-fb34c9aca8e54a595670164eeb84b518 av_one_full  avia-builder-el-0  el_before_av_one_half  avia-builder-el-first  first flex_column_div  '     ><style type=\"text\/css\" data-created_by=\"avia_inline_auto\" id=\"style-css-av-ljwxdj1o-3b1f1f7ff845a1e0b256a6e0c95b8421\">\n#top .av-special-heading.av-ljwxdj1o-3b1f1f7ff845a1e0b256a6e0c95b8421{\npadding-bottom:10px;\n}\nbody .av-special-heading.av-ljwxdj1o-3b1f1f7ff845a1e0b256a6e0c95b8421 .av-special-heading-tag .heading-char{\nfont-size:25px;\n}\n.av-special-heading.av-ljwxdj1o-3b1f1f7ff845a1e0b256a6e0c95b8421 .av-subheading{\nfont-size:15px;\ncolor:#262626;\n}\n<\/style>\n<div  class='av-special-heading av-ljwxdj1o-3b1f1f7ff845a1e0b256a6e0c95b8421 av-special-heading-h1 custom-color-heading blockquote modern-quote modern-centered  avia-builder-el-1  avia-builder-el-no-sibling '><h1 class='av-special-heading-tag '  itemprop=\"headline\"  >LES INTERVENANTS<\/h1><div class='av-subheading av-subheading_below'><p>Colloque 2023<\/p>\n<\/div><div class=\"special-heading-border\"><div class=\"special-heading-inner-border\"><\/div><\/div><\/div><\/div>\n\n<style type=\"text\/css\" data-created_by=\"avia_inline_auto\" id=\"style-css-av-ljwxghhp-14e970df11f4d0cef47e100139b794e2\">\n.flex_column.av-ljwxghhp-14e970df11f4d0cef47e100139b794e2{\npadding:30px 30px 30px 30px;\nbackground-color:#f7f7f7;\n}\n<\/style>\n<div  class='flex_column av-ljwxghhp-14e970df11f4d0cef47e100139b794e2 av_one_half  avia-builder-el-2  el_after_av_one_full  el_before_av_one_half  first flex_column_div  column-top-margin'     ><p>\n<style type=\"text\/css\" data-created_by=\"avia_inline_auto\" id=\"style-css-av-p7clq-9ad12726cb292b9f2ce7eadf3767aaef\">\n#top .av-special-heading.av-p7clq-9ad12726cb292b9f2ce7eadf3767aaef{\npadding-bottom:10px;\ncolor:#f0593e;\n}\nbody .av-special-heading.av-p7clq-9ad12726cb292b9f2ce7eadf3767aaef .av-special-heading-tag .heading-char{\nfont-size:25px;\n}\n.av-special-heading.av-p7clq-9ad12726cb292b9f2ce7eadf3767aaef .special-heading-inner-border{\nborder-color:#f0593e;\n}\n.av-special-heading.av-p7clq-9ad12726cb292b9f2ce7eadf3767aaef .av-subheading{\nfont-size:15px;\ncolor:#262626;\n}\n<\/style>\n<div  class='av-special-heading av-p7clq-9ad12726cb292b9f2ce7eadf3767aaef av-special-heading-h2 custom-color-heading blockquote modern-quote modern-centered  avia-builder-el-3  el_before_av_hr  avia-builder-el-first '><h2 class='av-special-heading-tag '  itemprop=\"headline\"  >CLAIRE MESTRE<\/h2><div class='av_custom_color av-subheading av-subheading_below'><p>\u00ab Femmes et m\u00e8res : la r\u00e9sistance par la parole\u00a0\u00bb<\/p>\n<\/div><div class=\"special-heading-border\"><div class=\"special-heading-inner-border\"><\/div><\/div><\/div><br \/>\n<div  class='hr av-kq5d2-cc80de0b8cdafd2b83ca9d45a6f2d0d0 hr-default  avia-builder-el-4  el_after_av_heading  el_before_av_video '><span class='hr-inner '><span class=\"hr-inner-style\"><\/span><\/span><\/div><br \/>\n<div  class='avia-video av-ljwxe357-280863ba02b7e6f064686fde357812e4 avia-video-16-9 av-no-preview-image avia-video-load-always av-lazyload-immediate av-lazyload-video-embed'  itemprop=\"video\" itemtype=\"https:\/\/schema.org\/VideoObject\"  data-original_url='https:\/\/vimeo.com\/843189348'><script type='text\/html' class='av-video-tmpl'><div class='avia-iframe-wrap'><iframe loading=\"lazy\" title=\"Colloque &quot;Na\u00eetre \u00e0 la crois\u00e9e des mondes&quot; - Interview de Claire Mestre\" src=\"https:\/\/player.vimeo.com\/video\/843189348?dnt=1&amp;app_id=122963&autoplay=0&loop=0&controls=1&muted=0\" width=\"1280\" height=\"720\" frameborder=\"0\" allow=\"autoplay; fullscreen; picture-in-picture\"><\/iframe><\/div><\/script><div class='av-click-to-play-overlay'><div class=\"avia_playpause_icon\"><\/div><\/div><\/div><\/p><\/div>\n\n<style type=\"text\/css\" data-created_by=\"avia_inline_auto\" id=\"style-css-av-hcwe6-2143603d7c883f1d8b239194b6a97600\">\n.flex_column.av-hcwe6-2143603d7c883f1d8b239194b6a97600{\npadding:30px 30px 30px 30px;\nbackground-color:#f7f7f7;\n}\n<\/style>\n<div  class='flex_column av-hcwe6-2143603d7c883f1d8b239194b6a97600 av_one_half  avia-builder-el-6  el_after_av_one_half  el_before_av_one_half  flex_column_div  column-top-margin'     ><p>\n<style type=\"text\/css\" data-created_by=\"avia_inline_auto\" id=\"style-css-av-ljwxhge3-5bff1942e6d01e0511aceed8b59fdfb2\">\n#top .av-special-heading.av-ljwxhge3-5bff1942e6d01e0511aceed8b59fdfb2{\npadding-bottom:10px;\ncolor:#f0593e;\n}\nbody .av-special-heading.av-ljwxhge3-5bff1942e6d01e0511aceed8b59fdfb2 .av-special-heading-tag .heading-char{\nfont-size:25px;\n}\n.av-special-heading.av-ljwxhge3-5bff1942e6d01e0511aceed8b59fdfb2 .special-heading-inner-border{\nborder-color:#f0593e;\n}\n.av-special-heading.av-ljwxhge3-5bff1942e6d01e0511aceed8b59fdfb2 .av-subheading{\nfont-size:15px;\ncolor:#1c1c1c;\n}\n<\/style>\n<div  class='av-special-heading av-ljwxhge3-5bff1942e6d01e0511aceed8b59fdfb2 av-special-heading-h2 custom-color-heading blockquote modern-quote modern-centered  avia-builder-el-7  el_before_av_hr  avia-builder-el-first '><h2 class='av-special-heading-tag '  itemprop=\"headline\"  >BERNARD GOLSE<\/h2><div class='av_custom_color av-subheading av-subheading_below'><p>\u00ab Na\u00eetre ailleurs, un plaidoyer pour un traumatisme structurant \u00bb<\/p>\n<\/div><div class=\"special-heading-border\"><div class=\"special-heading-inner-border\"><\/div><\/div><\/div><br \/>\n<div  class='hr av-7exti-8a1f9ad20e118095445f4d9f84b534ed hr-default  avia-builder-el-8  el_after_av_heading  el_before_av_video '><span class='hr-inner '><span class=\"hr-inner-style\"><\/span><\/span><\/div><br \/>\n<div  class='avia-video av-ljwxhjj1-554e8193879ef2d81aded30eadc12fa8 avia-video-16-9 av-no-preview-image avia-video-load-always av-lazyload-immediate av-lazyload-video-embed'  itemprop=\"video\" itemtype=\"https:\/\/schema.org\/VideoObject\"  data-original_url='https:\/\/vimeo.com\/843215198'><script type='text\/html' class='av-video-tmpl'><div class='avia-iframe-wrap'><iframe loading=\"lazy\" title=\"Colloque &quot;Na\u00eetre \u00e0 la crois\u00e9e des mondes&quot; - Interview de Bernard Golse\" src=\"https:\/\/player.vimeo.com\/video\/843215198?dnt=1&amp;app_id=122963&autoplay=0&loop=0&controls=1&muted=0\" width=\"1280\" height=\"720\" frameborder=\"0\" allow=\"autoplay; fullscreen; picture-in-picture\"><\/iframe><\/div><\/script><div class='av-click-to-play-overlay'><div class=\"avia_playpause_icon\"><\/div><\/div><\/div><\/p><\/div>\n\n<style type=\"text\/css\" data-created_by=\"avia_inline_auto\" id=\"style-css-av-10z0x2-c600cc8c1fd7a1e2ed16f71f88c1f212\">\n.flex_column.av-10z0x2-c600cc8c1fd7a1e2ed16f71f88c1f212{\npadding:30px 30px 30px 30px;\nbackground-color:#f7f7f7;\n}\n<\/style>\n<div  class='flex_column av-10z0x2-c600cc8c1fd7a1e2ed16f71f88c1f212 av_one_half  avia-builder-el-10  el_after_av_one_half  el_before_av_one_half  first flex_column_div  column-top-margin'     ><p>\n<style type=\"text\/css\" data-created_by=\"avia_inline_auto\" id=\"style-css-av-lk2hteor-689de95f5869d6708959095061d57c06\">\n#top .av-special-heading.av-lk2hteor-689de95f5869d6708959095061d57c06{\npadding-bottom:10px;\ncolor:#f0593e;\n}\nbody .av-special-heading.av-lk2hteor-689de95f5869d6708959095061d57c06 .av-special-heading-tag .heading-char{\nfont-size:25px;\n}\n.av-special-heading.av-lk2hteor-689de95f5869d6708959095061d57c06 .special-heading-inner-border{\nborder-color:#f0593e;\n}\n.av-special-heading.av-lk2hteor-689de95f5869d6708959095061d57c06 .av-subheading{\nfont-size:15px;\ncolor:#1c1c1c;\n}\n<\/style>\n<div  class='av-special-heading av-lk2hteor-689de95f5869d6708959095061d57c06 av-special-heading-h2 custom-color-heading blockquote modern-quote modern-centered  avia-builder-el-11  el_before_av_hr  avia-builder-el-first '><h2 class='av-special-heading-tag '  itemprop=\"headline\"  >IDA FINZI<\/h2><div class=\"special-heading-border\"><div class=\"special-heading-inner-border\"><\/div><\/div><\/div><br \/>\n<div  class='hr av-xhczy-99cd728fe676eec9168e13ef3da9280b hr-default  avia-builder-el-12  el_after_av_heading  el_before_av_video '><span class='hr-inner '><span class=\"hr-inner-style\"><\/span><\/span><\/div><br \/>\n<div  class='avia-video av-lk2h57xq-f000dcb769bbecb2701c005548cf1d45 avia-video-16-9 av-no-preview-image avia-video-load-always av-lazyload-immediate av-lazyload-video-embed'  itemprop=\"video\" itemtype=\"https:\/\/schema.org\/VideoObject\"  data-original_url='https:\/\/vimeo.com\/844507471'><script type='text\/html' class='av-video-tmpl'><div class='avia-iframe-wrap'><iframe loading=\"lazy\" title=\"Colloque &quot;Na\u00eetre \u00e0 la crois\u00e9e des mondes&quot; - Interview de Ida Finzi - Crinali\" src=\"https:\/\/player.vimeo.com\/video\/844507471?dnt=1&amp;app_id=122963&autoplay=0&loop=0&controls=1&muted=0\" width=\"1280\" height=\"720\" frameborder=\"0\" allow=\"autoplay; fullscreen; picture-in-picture\"><\/iframe><\/div><\/script><div class='av-click-to-play-overlay'><div class=\"avia_playpause_icon\"><\/div><\/div><\/div><\/p><\/div>\n\n<style type=\"text\/css\" data-created_by=\"avia_inline_auto\" id=\"style-css-av-t40na-41de4bdae93ab026000ddaf5c1444bc0\">\n.flex_column.av-t40na-41de4bdae93ab026000ddaf5c1444bc0{\npadding:30px 30px 30px 30px;\nbackground-color:#f7f7f7;\n}\n<\/style>\n<div  class='flex_column av-t40na-41de4bdae93ab026000ddaf5c1444bc0 av_one_half  avia-builder-el-14  el_after_av_one_half  el_before_av_one_half  flex_column_div  column-top-margin'     ><p>\n<style type=\"text\/css\" data-created_by=\"avia_inline_auto\" id=\"style-css-av-lk2hwou1-762f3369c32fd8e4a49f991929dfe210\">\n#top .av-special-heading.av-lk2hwou1-762f3369c32fd8e4a49f991929dfe210{\npadding-bottom:10px;\ncolor:#f0593e;\n}\nbody .av-special-heading.av-lk2hwou1-762f3369c32fd8e4a49f991929dfe210 .av-special-heading-tag .heading-char{\nfont-size:25px;\n}\n.av-special-heading.av-lk2hwou1-762f3369c32fd8e4a49f991929dfe210 .special-heading-inner-border{\nborder-color:#f0593e;\n}\n.av-special-heading.av-lk2hwou1-762f3369c32fd8e4a49f991929dfe210 .av-subheading{\nfont-size:15px;\ncolor:#1c1c1c;\n}\n<\/style>\n<div  class='av-special-heading av-lk2hwou1-762f3369c32fd8e4a49f991929dfe210 av-special-heading-h2 custom-color-heading blockquote modern-quote modern-centered  avia-builder-el-15  el_before_av_hr  avia-builder-el-first '><h2 class='av-special-heading-tag '  itemprop=\"headline\"  >SABINA DAL VERME<\/h2><div class=\"special-heading-border\"><div class=\"special-heading-inner-border\"><\/div><\/div><\/div><br \/>\n<div  class='hr av-jmgcm-57dd6447b07c17921ee7e4b89bb989f9 hr-default  avia-builder-el-16  el_after_av_heading  el_before_av_video '><span class='hr-inner '><span class=\"hr-inner-style\"><\/span><\/span><\/div><br \/>\n<div  class='avia-video av-lk2hviv9-cd203f9d5637306ddc1f3913cf6953b8 avia-video-16-9 av-no-preview-image avia-video-load-always av-lazyload-immediate av-lazyload-video-embed'  itemprop=\"video\" itemtype=\"https:\/\/schema.org\/VideoObject\"  data-original_url='https:\/\/vimeo.com\/845244059'><script type='text\/html' class='av-video-tmpl'><div class='avia-iframe-wrap'><iframe loading=\"lazy\" title=\"Colloque &quot;Na\u00eetre \u00e0 la crois\u00e9e des mondes&quot; - Interview de Sabina Dal Verme - Crinali\" src=\"https:\/\/player.vimeo.com\/video\/845244059?dnt=1&amp;app_id=122963&autoplay=0&loop=0&controls=1&muted=0\" width=\"1280\" height=\"720\" frameborder=\"0\" allow=\"autoplay; fullscreen; picture-in-picture\"><\/iframe><\/div><\/script><div class='av-click-to-play-overlay'><div class=\"avia_playpause_icon\"><\/div><\/div><\/div><\/p><\/div>\n\n<style type=\"text\/css\" data-created_by=\"avia_inline_auto\" id=\"style-css-av-hjiti-38afe38a248bdee0ead7aa723e07a3c0\">\n.flex_column.av-hjiti-38afe38a248bdee0ead7aa723e07a3c0{\npadding:30px 30px 30px 30px;\nbackground-color:#f7f7f7;\n}\n<\/style>\n<div  class='flex_column av-hjiti-38afe38a248bdee0ead7aa723e07a3c0 av_one_half  avia-builder-el-18  el_after_av_one_half  el_before_av_one_half  first flex_column_div  column-top-margin'     ><p>\n<style type=\"text\/css\" data-created_by=\"avia_inline_auto\" id=\"style-css-av-lk2hy70g-61d67ddedaaeb5669542da9c301b23f7\">\n#top .av-special-heading.av-lk2hy70g-61d67ddedaaeb5669542da9c301b23f7{\npadding-bottom:10px;\ncolor:#f0593e;\n}\nbody .av-special-heading.av-lk2hy70g-61d67ddedaaeb5669542da9c301b23f7 .av-special-heading-tag .heading-char{\nfont-size:25px;\n}\n.av-special-heading.av-lk2hy70g-61d67ddedaaeb5669542da9c301b23f7 .special-heading-inner-border{\nborder-color:#f0593e;\n}\n.av-special-heading.av-lk2hy70g-61d67ddedaaeb5669542da9c301b23f7 .av-subheading{\nfont-size:15px;\ncolor:#1c1c1c;\n}\n<\/style>\n<div  class='av-special-heading av-lk2hy70g-61d67ddedaaeb5669542da9c301b23f7 av-special-heading-h2 custom-color-heading blockquote modern-quote modern-centered  avia-builder-el-19  el_before_av_hr  avia-builder-el-first '><h2 class='av-special-heading-tag '  itemprop=\"headline\"  >LUISA CATTANEO<\/h2><div class=\"special-heading-border\"><div class=\"special-heading-inner-border\"><\/div><\/div><\/div><br \/>\n<div  class='hr av-b9f5q-75609d738fef198e243e06c769ee87a9 hr-default  avia-builder-el-20  el_after_av_heading  el_before_av_video '><span class='hr-inner '><span class=\"hr-inner-style\"><\/span><\/span><\/div><br \/>\n<div  class='avia-video av-lk2hxjoc-e80f833f70d24e5279d44eaa40af2069 avia-video-16-9 av-no-preview-image avia-video-load-always av-lazyload-immediate av-lazyload-video-embed'  itemprop=\"video\" itemtype=\"https:\/\/schema.org\/VideoObject\"  data-original_url='https:\/\/vimeo.com\/845241117'><script type='text\/html' class='av-video-tmpl'><div class='avia-iframe-wrap'><iframe loading=\"lazy\" title=\"Colloque &quot;Na\u00eetre \u00e0 la crois\u00e9e des mondes&quot; - Interview de Luisa Cattaneo - Crinali\" src=\"https:\/\/player.vimeo.com\/video\/845241117?dnt=1&amp;app_id=122963&autoplay=0&loop=0&controls=1&muted=0\" width=\"1280\" height=\"720\" frameborder=\"0\" allow=\"autoplay; fullscreen; picture-in-picture\"><\/iframe><\/div><\/script><div class='av-click-to-play-overlay'><div class=\"avia_playpause_icon\"><\/div><\/div><\/div><\/p><\/div>\n\n<style type=\"text\/css\" data-created_by=\"avia_inline_auto\" id=\"style-css-av-hubpi-b30de95f4a91210694cfb04c58015a4b\">\n.flex_column.av-hubpi-b30de95f4a91210694cfb04c58015a4b{\npadding:30px 30px 30px 30px;\nbackground-color:#f7f7f7;\n}\n<\/style>\n<div  class='flex_column av-hubpi-b30de95f4a91210694cfb04c58015a4b av_one_half  avia-builder-el-22  el_after_av_one_half  el_before_av_one_half  flex_column_div  column-top-margin'     ><p>\n<style type=\"text\/css\" data-created_by=\"avia_inline_auto\" id=\"style-css-av-lkhz5p3q-291859a2d94c53eceb140fb83feb853d\">\n#top .av-special-heading.av-lkhz5p3q-291859a2d94c53eceb140fb83feb853d{\npadding-bottom:10px;\ncolor:#f0593e;\n}\nbody .av-special-heading.av-lkhz5p3q-291859a2d94c53eceb140fb83feb853d .av-special-heading-tag .heading-char{\nfont-size:25px;\n}\n.av-special-heading.av-lkhz5p3q-291859a2d94c53eceb140fb83feb853d .special-heading-inner-border{\nborder-color:#f0593e;\n}\n.av-special-heading.av-lkhz5p3q-291859a2d94c53eceb140fb83feb853d .av-subheading{\nfont-size:15px;\ncolor:#1c1c1c;\n}\n<\/style>\n<div  class='av-special-heading av-lkhz5p3q-291859a2d94c53eceb140fb83feb853d av-special-heading-h2 custom-color-heading blockquote modern-quote modern-centered  avia-builder-el-23  el_before_av_hr  avia-builder-el-first '><h2 class='av-special-heading-tag '  itemprop=\"headline\"  >LOTFI OUANEZAR <\/h2><div class=\"special-heading-border\"><div class=\"special-heading-inner-border\"><\/div><\/div><\/div><br \/>\n<div  class='hr av-85u6m-5d99b1930101ccefdaca69520419ed40 hr-default  avia-builder-el-24  el_after_av_heading  el_before_av_video '><span class='hr-inner '><span class=\"hr-inner-style\"><\/span><\/span><\/div><br \/>\n<div  class='avia-video av-lkhz5u89-e4c8da2ff9f61b27c29e4245efb099a9 avia-video-16-9 av-no-preview-image avia-video-load-always av-lazyload-immediate av-lazyload-video-embed'  itemprop=\"video\" itemtype=\"https:\/\/schema.org\/VideoObject\"  data-original_url='https:\/\/vimeo.com\/848040286'><script type='text\/html' class='av-video-tmpl'><div class='avia-iframe-wrap'><iframe loading=\"lazy\" title=\"Colloque &quot;Na\u00eetre \u00e0 la crois\u00e9e des mondes&quot; - Interview de Lotfi OUANEZAR - Emma\u00fcs Solidarit\u00e9\" src=\"https:\/\/player.vimeo.com\/video\/848040286?dnt=1&amp;app_id=122963&autoplay=0&loop=0&controls=1&muted=0\" width=\"1280\" height=\"720\" frameborder=\"0\" allow=\"autoplay; fullscreen; picture-in-picture\"><\/iframe><\/div><\/script><div class='av-click-to-play-overlay'><div class=\"avia_playpause_icon\"><\/div><\/div><\/div><\/p><\/div>\n\n<style type=\"text\/css\" data-created_by=\"avia_inline_auto\" id=\"style-css-av-av_one_half-b9ed06d1b66410583cf66cfd98c9fb95\">\n.flex_column.av-av_one_half-b9ed06d1b66410583cf66cfd98c9fb95{\npadding:30px 30px 30px 30px;\nbackground-color:#f7f7f7;\n}\n<\/style>\n<div  class='flex_column av-av_one_half-b9ed06d1b66410583cf66cfd98c9fb95 av_one_half  avia-builder-el-26  el_after_av_one_half  el_before_av_one_half  first flex_column_div  column-top-margin'     ><p>\n<style type=\"text\/css\" data-created_by=\"avia_inline_auto\" id=\"style-css-av-lnea16um-d5c8882dd4367806d6538467b8d6c075\">\n#top .av-special-heading.av-lnea16um-d5c8882dd4367806d6538467b8d6c075{\npadding-bottom:10px;\ncolor:#f0593e;\n}\nbody .av-special-heading.av-lnea16um-d5c8882dd4367806d6538467b8d6c075 .av-special-heading-tag .heading-char{\nfont-size:25px;\n}\n.av-special-heading.av-lnea16um-d5c8882dd4367806d6538467b8d6c075 .special-heading-inner-border{\nborder-color:#f0593e;\n}\n.av-special-heading.av-lnea16um-d5c8882dd4367806d6538467b8d6c075 .av-subheading{\nfont-size:15px;\ncolor:#1c1c1c;\n}\n<\/style>\n<div  class='av-special-heading av-lnea16um-d5c8882dd4367806d6538467b8d6c075 av-special-heading-h2 custom-color-heading blockquote modern-quote modern-centered  avia-builder-el-27  el_before_av_hr  avia-builder-el-first '><h2 class='av-special-heading-tag '  itemprop=\"headline\"  >PASCUAL PALAU SUBIELA<\/h2><div class=\"special-heading-border\"><div class=\"special-heading-inner-border\"><\/div><\/div><\/div><br \/>\n<div  class='hr av-av_hr-91d7ccd583a503147498e120fee2ff9b hr-default  avia-builder-el-28  el_after_av_heading  el_before_av_video '><span class='hr-inner '><span class=\"hr-inner-style\"><\/span><\/span><\/div><br \/>\n<div  class='avia-video av-lnea0d64-51fd4ae0a6a0b26309b5c53382691155 avia-video-16-9 av-no-preview-image avia-video-load-always av-lazyload-immediate av-lazyload-video-embed'  itemprop=\"video\" itemtype=\"https:\/\/schema.org\/VideoObject\"  data-original_url='https:\/\/vimeo.com\/870221518'><script type='text\/html' class='av-video-tmpl'><div class='avia-iframe-wrap'><iframe loading=\"lazy\" title=\"Colloque &quot;Na\u00eetre \u00e0 la crois\u00e9e des mondes&quot; - Interview de Pascual Palau Subiela\" src=\"https:\/\/player.vimeo.com\/video\/870221518?dnt=1&amp;app_id=122963&autoplay=0&loop=0&controls=1&muted=0\" width=\"1280\" height=\"720\" frameborder=\"0\" allow=\"autoplay; fullscreen; picture-in-picture\"><\/iframe><\/div><\/script><div class='av-click-to-play-overlay'><div class=\"avia_playpause_icon\"><\/div><\/div><\/div><\/p><\/div><div  class='flex_column av-av_one_half-f1c518e9ff58e869f80c8f093487abc9 av_one_half  avia-builder-el-30  el_after_av_one_half  avia-builder-el-last  flex_column_div  column-top-margin'     ><\/div><\/p>\n","protected":false},"excerpt":{"rendered":"","protected":false},"author":1,"featured_media":0,"parent":0,"menu_order":0,"comment_status":"closed","ping_status":"closed","template":"","meta":{"footnotes":""},"class_list":["post-326","page","type-page","status-publish","hentry"],"_links":{"self":[{"href":"https:\/\/centre-babel.fr\/colloque-babel\/wp-json\/wp\/v2\/pages\/326","targetHints":{"allow":["GET"]}}],"collection":[{"href":"https:\/\/centre-babel.fr\/colloque-babel\/wp-json\/wp\/v2\/pages"}],"about":[{"href":"https:\/\/centre-babel.fr\/colloque-babel\/wp-json\/wp\/v2\/types\/page"}],"author":[{"embeddable":true,"href":"https:\/\/centre-babel.fr\/colloque-babel\/wp-json\/wp\/v2\/users\/1"}],"replies":[{"embeddable":true,"href":"https:\/\/centre-babel.fr\/colloque-babel\/wp-json\/wp\/v2\/comments?post=326"}],"version-history":[{"count":27,"href":"https:\/\/centre-babel.fr\/colloque-babel\/wp-json\/wp\/v2\/pages\/326\/revisions"}],"predecessor-version":[{"id":1260,"href":"https:\/\/centre-babel.fr\/colloque-babel\/wp-json\/wp\/v2\/pages\/326\/revisions\/1260"}],"wp:attachment":[{"href":"https:\/\/centre-babel.fr\/colloque-babel\/wp-json\/wp\/v2\/media?parent=326"}],"curies":[{"name":"wp","href":"https:\/\/api.w.org\/{rel}","templated":true}]}}