{"id":25,"date":"2023-02-26T10:47:49","date_gmt":"2023-02-26T09:47:49","guid":{"rendered":"https:\/\/centre-babel.fr\/colloque-babel\/?page_id=25"},"modified":"2025-01-15T17:19:06","modified_gmt":"2025-01-15T16:19:06","slug":"direct","status":"publish","type":"page","link":"https:\/\/centre-babel.fr\/colloque-babel\/direct\/","title":{"rendered":"DIRECT"},"content":{"rendered":"\n<style type=\"text\/css\" data-created_by=\"avia_inline_auto\" id=\"style-css-av-74fnl-46f904948b280e3096dafc87e1e78e17\">\n.avia-section.av-74fnl-46f904948b280e3096dafc87e1e78e17{\nbackground-color:#80afa1;\nbackground-image:unset;\nposition:relative;\n}\n.avia-section.av-74fnl-46f904948b280e3096dafc87e1e78e17 .avia-divider-svg-bottom svg{\nheight:43px;\nwidth:calc(132% + 1.3px);\nfill:#f0593e;\n}\n<\/style>\n<div id='av_section_1'  class='avia-section av-74fnl-46f904948b280e3096dafc87e1e78e17 main_color avia-section-default avia-no-border-styling  avia-builder-el-0  el_before_av_section  avia-builder-el-first  avia-bg-style-scroll av-minimum-height av-minimum-height-100 av-height-100  container_wrap fullsize'   data-av_minimum_height_pc='100' data-av_min_height_opt='100'><div class='avia-divider-svg avia-divider-svg-mountains avia-divider-svg-bottom avia-svg-original'><svg xmlns=\"http:\/\/www.w3.org\/2000\/svg\" viewBox=\"0 0 1000 100\" preserveAspectRatio=\"none\">\n\t<path opacity=\"0.33\" d=\"M473,67.3c-203.9,88.3-263.1-34-320.3,0C66,119.1,0,59.7,0,59.7V0h1000v59.7 c0,0-62.1,26.1-94.9,29.3c-32.8,3.3-62.8-12.3-75.8-22.1C806,49.6,745.3,8.7,694.9,4.7S492.4,59,473,67.3z\"\/>\n\t<path opacity=\"0.66\" d=\"M734,67.3c-45.5,0-77.2-23.2-129.1-39.1c-28.6-8.7-150.3-10.1-254,39.1 s-91.7-34.4-149.2,0C115.7,118.3,0,39.8,0,39.8V0h1000v36.5c0,0-28.2-18.5-92.1-18.5C810.2,18.1,775.7,67.3,734,67.3z\"\/>\n\t<path d=\"M766.1,28.9c-200-57.5-266,65.5-395.1,19.5C242,1.8,242,5.4,184.8,20.6C128,35.8,132.3,44.9,89.9,52.5C28.6,63.7,0,0,0,0 h1000c0,0-9.9,40.9-83.6,48.1S829.6,47,766.1,28.9z\"\/>\n<\/svg><\/div><div class='container av-section-cont-open' ><main  role=\"main\" itemprop=\"mainContentOfPage\"  class='template-page content  av-content-full alpha units'><div class='post-entry post-entry-type-page post-entry-25'><div class='entry-content-wrapper clearfix'>\n<div  class='flex_column av-661dt-42bc18f1e6e22bd64d73a69e580d248e av_one_full  avia-builder-el-1  el_before_av_one_full  avia-builder-el-first  first flex_column_div  '     ><p>\n<style type=\"text\/css\" data-created_by=\"avia_inline_auto\" id=\"style-css-av-5unyx-caf08e60ef60aafe303310a43baf0851\">\n#top .av-special-heading.av-5unyx-caf08e60ef60aafe303310a43baf0851{\npadding-bottom:10px;\n}\nbody .av-special-heading.av-5unyx-caf08e60ef60aafe303310a43baf0851 .av-special-heading-tag .heading-char{\nfont-size:57px;\ncolor:#f23232;\npadding-bottom:10px;\n}\n.av-special-heading.av-5unyx-caf08e60ef60aafe303310a43baf0851 .av-subheading{\nfont-size:25px;\n}\n<\/style>\n<div  class='av-special-heading av-5unyx-caf08e60ef60aafe303310a43baf0851 av-special-heading-h1 custom-color-heading blockquote elegant-quote elegant-centered  avia-builder-el-2  el_before_av_hr  avia-builder-el-first  av-icon'><div class='av-subheading av-subheading_above'><p>Colloque | 21 NOVEMBRE 2023<\/p>\n<\/div><h1 class='av-special-heading-tag '  itemprop=\"headline\"  ><span class='heading-char avia-font-entypo-fontello' aria-hidden='true' data-av_icon='\ue89a' data-av_iconfont='entypo-fontello'><\/span><span class=\"heading-wrap\">Replays<\/span><\/h1><div class=\"special-heading-border\"><div class=\"special-heading-inner-border\"><\/div><\/div><\/div><br \/>\n\n<style type=\"text\/css\" data-created_by=\"avia_inline_auto\" id=\"style-css-av-lp2hdg0b-596176693241597b57b4ca7c0dc3e69a\">\n#top .hr.hr-invisible.av-lp2hdg0b-596176693241597b57b4ca7c0dc3e69a{\nheight:50px;\n}\n<\/style>\n<div  class='hr av-lp2hdg0b-596176693241597b57b4ca7c0dc3e69a hr-invisible  avia-builder-el-3  el_after_av_heading  avia-builder-el-last '><span class='hr-inner '><span class=\"hr-inner-style\"><\/span><\/span><\/div><\/p><\/div><div  class='flex_column av-3joe5-e5a14df007f7c65b881f2dd08cfdc29c av_one_full  avia-builder-el-4  el_after_av_one_full  avia-builder-el-last  first flex_column_div  column-top-margin'     ><p><div  class='avia-video av-lpckx0ua-223ead93004abce0189eadf8ae74ebf7 avia-video-16-9 av-no-preview-image avia-video-load-always av-lazyload-immediate av-lazyload-video-embed'  itemprop=\"video\" itemtype=\"https:\/\/schema.org\/VideoObject\"  data-original_url='https:\/\/vimeo.com\/887937932\/2a833c1381'><script type='text\/html' class='av-video-tmpl'><div class='avia-iframe-wrap'><iframe loading=\"lazy\" title=\"NA\u00ceTRE \u00c0 LA CROIS\u00c9E DES MONDES D\u00c9FIS TRANSCULTURELS - Part 1\" src=\"https:\/\/player.vimeo.com\/video\/887937932?h=2a833c1381&amp;dnt=1&amp;app_id=122963&autoplay=0&loop=0&controls=1&muted=0\" width=\"1500\" height=\"844\" frameborder=\"0\" allow=\"autoplay; fullscreen; picture-in-picture\"><\/iframe><\/div><\/script><div class='av-click-to-play-overlay'><div class=\"avia_playpause_icon\"><\/div><\/div><\/div><br \/>\n\n<style type=\"text\/css\" data-created_by=\"avia_inline_auto\" id=\"style-css-av-22l4l-0566c15f6db4f73385748f0253906339\">\n#top .hr.hr-invisible.av-22l4l-0566c15f6db4f73385748f0253906339{\nheight:50px;\n}\n<\/style>\n<div  class='hr av-22l4l-0566c15f6db4f73385748f0253906339 hr-invisible  avia-builder-el-6  el_after_av_video  el_before_av_video '><span class='hr-inner '><span class=\"hr-inner-style\"><\/span><\/span><\/div><br \/>\n<div  class='avia-video av-lpckzksk-6a534e22f3417bd412d00022cb132b57 avia-video-16-9 av-no-preview-image avia-video-load-always av-lazyload-immediate av-lazyload-video-embed'  itemprop=\"video\" itemtype=\"https:\/\/schema.org\/VideoObject\"  data-original_url='https:\/\/vimeo.com\/887940275\/a790a5b22d'><script type='text\/html' class='av-video-tmpl'><div class='avia-iframe-wrap'><iframe loading=\"lazy\" title=\"NA\u00ceTRE \u00c0 LA CROIS\u00c9E DES MONDES D\u00c9FIS TRANSCULTURELS - Part 2\" src=\"https:\/\/player.vimeo.com\/video\/887940275?h=a790a5b22d&amp;dnt=1&amp;app_id=122963&autoplay=0&loop=0&controls=1&muted=0\" width=\"1500\" height=\"844\" frameborder=\"0\" allow=\"autoplay; fullscreen; picture-in-picture\"><\/iframe><\/div><\/script><div class='av-click-to-play-overlay'><div class=\"avia_playpause_icon\"><\/div><\/div><\/div><br \/>\n\n<style type=\"text\/css\" data-created_by=\"avia_inline_auto\" id=\"style-css-av-19f4l-693909bbb1cc322717c4f0bf3d9fa5de\">\n#top .hr.hr-invisible.av-19f4l-693909bbb1cc322717c4f0bf3d9fa5de{\nheight:50px;\n}\n<\/style>\n<div  class='hr av-19f4l-693909bbb1cc322717c4f0bf3d9fa5de hr-invisible  avia-builder-el-8  el_after_av_video  el_before_av_video '><span class='hr-inner '><span class=\"hr-inner-style\"><\/span><\/span><\/div><br \/>\n<div  class='avia-video av-lpcl01kd-a57b703699c8c6508cd9e19aafef4afe avia-video-16-9 av-no-preview-image avia-video-load-always av-lazyload-immediate av-lazyload-video-embed'  itemprop=\"video\" itemtype=\"https:\/\/schema.org\/VideoObject\"  data-original_url='https:\/\/vimeo.com\/887941575\/dc05121535'><script type='text\/html' class='av-video-tmpl'><div class='avia-iframe-wrap'><iframe loading=\"lazy\" title=\"NA\u00ceTRE \u00c0 LA CROIS\u00c9E DES MONDES D\u00c9FIS TRANSCULTURELS - Part 3\" src=\"https:\/\/player.vimeo.com\/video\/887941575?h=dc05121535&amp;dnt=1&amp;app_id=122963&autoplay=0&loop=0&controls=1&muted=0\" width=\"1500\" height=\"844\" frameborder=\"0\" allow=\"autoplay; fullscreen; picture-in-picture\"><\/iframe><\/div><\/script><div class='av-click-to-play-overlay'><div class=\"avia_playpause_icon\"><\/div><\/div><\/div><br \/>\n\n<style type=\"text\/css\" data-created_by=\"avia_inline_auto\" id=\"style-css-av-oa8x-9d5f28f98a78493e44ceaba070993fcf\">\n#top .hr.hr-invisible.av-oa8x-9d5f28f98a78493e44ceaba070993fcf{\nheight:50px;\n}\n<\/style>\n<div  class='hr av-oa8x-9d5f28f98a78493e44ceaba070993fcf hr-invisible  avia-builder-el-10  el_after_av_video  el_before_av_video '><span class='hr-inner '><span class=\"hr-inner-style\"><\/span><\/span><\/div><br \/>\n<div  class='avia-video av-lpcl0c4t-4008ad670c566e374396233261e7c18a avia-video-16-9 av-no-preview-image avia-video-load-always av-lazyload-immediate av-lazyload-video-embed'  itemprop=\"video\" itemtype=\"https:\/\/schema.org\/VideoObject\"  data-original_url='https:\/\/vimeo.com\/887942620\/53686219d0'><script type='text\/html' class='av-video-tmpl'><div class='avia-iframe-wrap'><iframe loading=\"lazy\" title=\"NA\u00ceTRE \u00c0 LA CROIS\u00c9E DES MONDES D\u00c9FIS TRANSCULTURELS - Part 4\" src=\"https:\/\/player.vimeo.com\/video\/887942620?h=53686219d0&amp;dnt=1&amp;app_id=122963&autoplay=0&loop=0&controls=1&muted=0\" width=\"1500\" height=\"844\" frameborder=\"0\" allow=\"autoplay; fullscreen; picture-in-picture\"><\/iframe><\/div><\/script><div class='av-click-to-play-overlay'><div class=\"avia_playpause_icon\"><\/div><\/div><\/div><br \/>\n\n<style type=\"text\/css\" data-created_by=\"avia_inline_auto\" id=\"style-css-av-ymp9-72e69be4a9a303f371d91c36a8a257a3\">\n#top .hr.hr-invisible.av-ymp9-72e69be4a9a303f371d91c36a8a257a3{\nheight:50px;\n}\n<\/style>\n<div  class='hr av-ymp9-72e69be4a9a303f371d91c36a8a257a3 hr-invisible  avia-builder-el-12  el_after_av_video  el_before_av_video '><span class='hr-inner '><span class=\"hr-inner-style\"><\/span><\/span><\/div><br \/>\n<div  class='avia-video av-lpry5nv3-f6b0f5a4dcdae6203d3cb0176c99eb98 avia-video-16-9 av-no-preview-image avia-video-load-always av-lazyload-immediate av-lazyload-video-embed'  itemprop=\"video\" itemtype=\"https:\/\/schema.org\/VideoObject\"  data-original_url='https:\/\/vimeo.com\/891245352'><script type='text\/html' class='av-video-tmpl'><div class='avia-iframe-wrap'><iframe loading=\"lazy\" title=\"Gospel Fire - Colloque &#039;Na\u00eetre \u00e0 la crois\u00e9e des mondes&quot;\" src=\"https:\/\/player.vimeo.com\/video\/891245352?dnt=1&amp;app_id=122963&autoplay=0&loop=0&controls=1&muted=0\" width=\"1280\" height=\"720\" frameborder=\"0\" allow=\"autoplay; fullscreen; picture-in-picture\"><\/iframe><\/div><\/script><div class='av-click-to-play-overlay'><div class=\"avia_playpause_icon\"><\/div><\/div><\/div><\/p><\/div>\n\n<\/div><\/div><\/main><!-- close content main element --><\/div><\/div><div id='av_section_2'  class='avia-section av-lp2h0h0y-c880583de23d9ae61c61d6c91acb75d2 main_color avia-section-default avia-no-border-styling  avia-builder-el-14  el_after_av_section  avia-builder-el-last  av-desktop-hide av-medium-hide av-small-hide av-mini-hide avia-bg-style-scroll container_wrap fullsize'  ><div class='container av-section-cont-open' ><div class='template-page content  av-content-full alpha units'><div class='post-entry post-entry-type-page post-entry-25'><div class='entry-content-wrapper clearfix'>\n\n<style type=\"text\/css\" data-created_by=\"avia_inline_auto\" id=\"style-css-av-4v2px-849bda40ad06673822876a9226831bfb\">\n.flex_column.av-4v2px-849bda40ad06673822876a9226831bfb{\npadding:30px 30px 30px 30px;\nbackground-color:#f4f4f4;\nbackground:linear-gradient( to top, #f4f4f4, #f9f9f9, #ffffff );\n}\n<\/style>\n<div  class='flex_column av-4v2px-849bda40ad06673822876a9226831bfb av_one_half  avia-builder-el-15  el_before_av_one_half  avia-builder-el-first  first flex_column_div  '     ><p>\n<style type=\"text\/css\" data-created_by=\"avia_inline_auto\" id=\"style-css-av-4mtf5-ced2fd9e1ffed5f63ac545da25784284\">\n#top .hr.hr-invisible.av-4mtf5-ced2fd9e1ffed5f63ac545da25784284{\nheight:50px;\n}\n<\/style>\n<div  class='hr av-4mtf5-ced2fd9e1ffed5f63ac545da25784284 hr-invisible  avia-builder-el-16  el_before_av_heading  avia-builder-el-first '><span class='hr-inner '><span class=\"hr-inner-style\"><\/span><\/span><\/div><br \/>\n\n<style type=\"text\/css\" data-created_by=\"avia_inline_auto\" id=\"style-css-av-1gkud-a63005a96ec72c91ea63f5324e3d2736\">\n#top .av-special-heading.av-1gkud-a63005a96ec72c91ea63f5324e3d2736{\npadding-bottom:10px;\ncolor:#f0593e;\n}\nbody .av-special-heading.av-1gkud-a63005a96ec72c91ea63f5324e3d2736 .av-special-heading-tag .heading-char{\nfont-size:57px;\ncolor:#000000;\npadding-bottom:10px;\n}\n.av-special-heading.av-1gkud-a63005a96ec72c91ea63f5324e3d2736 .special-heading-inner-border{\nborder-color:#f0593e;\n}\n.av-special-heading.av-1gkud-a63005a96ec72c91ea63f5324e3d2736 .av-subheading{\nfont-size:25px;\n}\n<\/style>\n<div  class='av-special-heading av-1gkud-a63005a96ec72c91ea63f5324e3d2736 av-special-heading-h2 custom-color-heading blockquote elegant-quote elegant-centered  avia-builder-el-17  el_after_av_hr  el_before_av_textblock  av-icon'><h2 class='av-special-heading-tag '  itemprop=\"headline\"  ><span class='heading-char avia-font-entypo-fontello' aria-hidden='true' data-av_icon='\ue85b' data-av_iconfont='entypo-fontello'><\/span><span class=\"heading-wrap\">Colloque | 21 NOVEMBRE 2023<\/span><\/h2><div class=\"special-heading-border\"><div class=\"special-heading-inner-border\"><\/div><\/div><\/div><br \/>\n<section  class='av_textblock_section av-cj3l-1f89b0eac962bfe488c4fa68ba6df7a3 '   itemscope=\"itemscope\" itemtype=\"https:\/\/schema.org\/CreativeWork\" ><div class='avia_textblock'  itemprop=\"text\" ><h3 style=\"text-align: center;\"><strong>8H30 -> 17H00<\/strong><\/h3>\n<\/div><\/section><br \/>\n<div  class='avia-button-wrap av-qm4d-e7b47c090a57a4ddbfb23ad45a8c1f86-wrap avia-button-center  avia-builder-el-19  el_after_av_textblock  el_before_av_hr '>\n<style type=\"text\/css\" data-created_by=\"avia_inline_auto\" id=\"style-css-av-qm4d-e7b47c090a57a4ddbfb23ad45a8c1f86\">\n#top #wrap_all .avia-button.av-qm4d-e7b47c090a57a4ddbfb23ad45a8c1f86{\nbackground-color:#f0593e;\nborder-color:#f0593e;\ncolor:#ffffff;\nborder-radius:30px 30px 30px 30px;\nbox-shadow: 2px 2px 0px 0px #0a0a0a;\ntransition:all 0.4s ease-in-out;\n}\n#top #wrap_all.avia-button.av-qm4d-e7b47c090a57a4ddbfb23ad45a8c1f86:hover .avia_button_background{\nborder-radius:30px 30px 30px 30px;\n}\n<\/style>\n<a href='https:\/\/centre-babel.fr\/colloque-babel\/direct\/'  class='avia-button av-qm4d-e7b47c090a57a4ddbfb23ad45a8c1f86 av-link-btn avia-icon_select-yes-left-icon avia-size-large avia-position-center av-icon-on-hover'   aria-label=\"Acc\u00e8s au LIVE\"><span class='avia_button_icon avia_button_icon_left' aria-hidden='true' data-av_icon='\ue875' data-av_iconfont='entypo-fontello'><\/span><span class='avia_iconbox_title' >Acc\u00e8s au LIVE<\/span><\/a><\/div><br \/>\n\n<style type=\"text\/css\" data-created_by=\"avia_inline_auto\" id=\"style-css-av-7gm5-f4a63e3afe7097e685d60f5f299400ab\">\n#top .hr.hr-invisible.av-7gm5-f4a63e3afe7097e685d60f5f299400ab{\nheight:50px;\n}\n<\/style>\n<div  class='hr av-7gm5-f4a63e3afe7097e685d60f5f299400ab hr-invisible  avia-builder-el-20  el_after_av_button  avia-builder-el-last '><span class='hr-inner '><span class=\"hr-inner-style\"><\/span><\/span><\/div><\/p><\/div><div  class='flex_column av-1b1x9-b8a651a3cdfc39b258fee586ef6cdcf4 av_one_half  avia-builder-el-21  el_after_av_one_half  avia-builder-el-last  flex_column_div  '     ><style type=\"text\/css\" data-created_by=\"avia_inline_auto\" id=\"style-css-av-t4xt-528a3d3fa1a67fa08e77d49963e190dd\">\n.avia-image-container.av-t4xt-528a3d3fa1a67fa08e77d49963e190dd img.avia_image{\nbox-shadow:none;\n}\n.avia-image-container.av-t4xt-528a3d3fa1a67fa08e77d49963e190dd .av-image-caption-overlay-center{\ncolor:#ffffff;\n}\n<\/style>\n<div  class='avia-image-container av-t4xt-528a3d3fa1a67fa08e77d49963e190dd av-styling- avia-align-center  avia-builder-el-22  avia-builder-el-no-sibling '   itemprop=\"image\" itemscope=\"itemscope\" itemtype=\"https:\/\/schema.org\/ImageObject\" ><div class=\"avia-image-container-inner\"><div class=\"avia-image-overlay-wrap\"><img decoding=\"async\" fetchpriority=\"high\" class='wp-image- avia-img-lazy-loading-not- avia_image ' src=\"https:\/\/www.atelierguias.com\/demo\/asso\/wp-content\/uploads\/2023\/02\/affiche-centre-abel-colloque-2023-balbusso-1.jpg\" alt='' title=''   itemprop=\"thumbnailUrl\"  \/><\/div><\/div><\/div><\/div>\n\n","protected":false},"excerpt":{"rendered":"","protected":false},"author":1,"featured_media":0,"parent":0,"menu_order":0,"comment_status":"closed","ping_status":"closed","template":"","meta":{"footnotes":""},"class_list":["post-25","page","type-page","status-publish","hentry"],"_links":{"self":[{"href":"https:\/\/centre-babel.fr\/colloque-babel\/wp-json\/wp\/v2\/pages\/25","targetHints":{"allow":["GET"]}}],"collection":[{"href":"https:\/\/centre-babel.fr\/colloque-babel\/wp-json\/wp\/v2\/pages"}],"about":[{"href":"https:\/\/centre-babel.fr\/colloque-babel\/wp-json\/wp\/v2\/types\/page"}],"author":[{"embeddable":true,"href":"https:\/\/centre-babel.fr\/colloque-babel\/wp-json\/wp\/v2\/users\/1"}],"replies":[{"embeddable":true,"href":"https:\/\/centre-babel.fr\/colloque-babel\/wp-json\/wp\/v2\/comments?post=25"}],"version-history":[{"count":60,"href":"https:\/\/centre-babel.fr\/colloque-babel\/wp-json\/wp\/v2\/pages\/25\/revisions"}],"predecessor-version":[{"id":2010,"href":"https:\/\/centre-babel.fr\/colloque-babel\/wp-json\/wp\/v2\/pages\/25\/revisions\/2010"}],"wp:attachment":[{"href":"https:\/\/centre-babel.fr\/colloque-babel\/wp-json\/wp\/v2\/media?parent=25"}],"curies":[{"name":"wp","href":"https:\/\/api.w.org\/{rel}","templated":true}]}}