{"id":200,"date":"2023-04-10T11:22:51","date_gmt":"2023-04-10T09:22:51","guid":{"rendered":"https:\/\/centre-babel.fr\/colloque-babel\/?page_id=200"},"modified":"2023-11-02T09:59:05","modified_gmt":"2023-11-02T08:59:05","slug":"video","status":"publish","type":"page","link":"https:\/\/centre-babel.fr\/colloque-babel\/video\/","title":{"rendered":"VID\u00c9OS"},"content":{"rendered":"<div  class='flex_column av-hjgeo-f82f97a3ebf8b57619fafa199f020f39 av_one_half  avia-builder-el-0  el_before_av_one_half  avia-builder-el-first  first flex_column_div  '     ><div  class='avia-video av-74h6g-53d7e3038c0c4060ad894081213709d3 avia-video-16-9 av-no-preview-image avia-video-load-always av-lazyload-immediate av-lazyload-video-embed'  itemprop=\"video\" itemtype=\"https:\/\/schema.org\/VideoObject\"  data-original_url='https:\/\/vimeo.com\/880160292?share=copy'><script type='text\/html' class='av-video-tmpl'><div class='avia-iframe-wrap'><iframe loading=\"lazy\" title=\"Colloque &quot;Nai\u0302tre \u00e0 la crois\u00e9e des mondes&quot; - Pre\u0301sentation Amalini SIMON\" src=\"https:\/\/player.vimeo.com\/video\/880160292?dnt=1&amp;app_id=122963&autoplay=0&loop=0&controls=1&muted=0\" width=\"1500\" height=\"844\" frameborder=\"0\" allow=\"autoplay; fullscreen; picture-in-picture\"><\/iframe><\/div><\/script><div class='av-click-to-play-overlay'><div class=\"avia_playpause_icon\"><\/div><\/div><\/div><\/div><div  class='flex_column av-av_one_half-f1c518e9ff58e869f80c8f093487abc9 av_one_half  avia-builder-el-2  el_after_av_one_half  el_before_av_hr  flex_column_div  '     ><style type=\"text\/css\" data-created_by=\"avia_inline_auto\" id=\"style-css-av-av_video-77ac6d6a2d05623fc38a899c0803248b\">\n.avia-video.av-av_video-77ac6d6a2d05623fc38a899c0803248b{\nbackground-image:url(https:\/\/centre-babel.fr\/colloque-babel\/wp-content\/uploads\/2023\/04\/play.jpg);\n}\n<\/style>\n<div  class='avia-video av-av_video-77ac6d6a2d05623fc38a899c0803248b avia-video-16-9 av-preview-image avia-video-load-always av-lazyload-immediate av-lazyload-video-embed'  itemprop=\"video\" itemtype=\"https:\/\/schema.org\/VideoObject\"  data-original_url='https:\/\/vimeo.com\/802753656'><script type='text\/html' class='av-video-tmpl'><div class='avia-iframe-wrap'><iframe loading=\"lazy\" title=\"Colloque &quot;Na\u00eetre \u00e0 la crois\u00e9e des mondes&quot; - Dr Serge Bouznah\" src=\"https:\/\/player.vimeo.com\/video\/802753656?dnt=1&amp;app_id=122963&autoplay=0&loop=0&controls=1&muted=0\" width=\"1500\" height=\"844\" frameborder=\"0\" allow=\"autoplay; fullscreen; picture-in-picture\"><\/iframe><\/div><\/script><div class='av-click-to-play-overlay'><div class=\"avia_playpause_icon\"><\/div><\/div><\/div><\/div><\/p>\n<div  class='hr av-jlm5s-0f3d17d0962eadcab35587c8e5a43f6d hr-default  avia-builder-el-4  el_after_av_one_half  el_before_av_one_half '><span class='hr-inner '><span class=\"hr-inner-style\"><\/span><\/span><\/div>\n<div  class='flex_column av-lu9pk-c88becbdd99109b1331cf9fa4e7227d1 av_one_half  avia-builder-el-5  el_after_av_hr  el_before_av_one_half  first flex_column_div  '     ><style type=\"text\/css\" data-created_by=\"avia_inline_auto\" id=\"style-css-av-lk6vl9i7-3532aff32dfd4a3378225dfad76d6ee4\">\n.avia-video.av-lk6vl9i7-3532aff32dfd4a3378225dfad76d6ee4{\nbackground-image:url(https:\/\/centre-babel.fr\/colloque-babel\/wp-content\/uploads\/2023\/04\/play.jpg);\n}\n<\/style>\n<div  class='avia-video av-lk6vl9i7-3532aff32dfd4a3378225dfad76d6ee4 avia-video-16-9 av-preview-image avia-video-load-always av-lazyload-immediate av-lazyload-video-embed'  itemprop=\"video\" itemtype=\"https:\/\/schema.org\/VideoObject\"  data-original_url='https:\/\/vimeo.com\/854810249'><script type='text\/html' class='av-video-tmpl'><div class='avia-iframe-wrap'><iframe loading=\"lazy\" title=\"Colloque &quot;Na\u00eetre \u00e0 la crois\u00e9e des mondes - Maternite\u0301 en solitaire\" src=\"https:\/\/player.vimeo.com\/video\/854810249?dnt=1&amp;app_id=122963&autoplay=0&loop=0&controls=1&muted=0\" width=\"1500\" height=\"844\" frameborder=\"0\" allow=\"autoplay; fullscreen; picture-in-picture\"><\/iframe><\/div><\/script><div class='av-click-to-play-overlay'><div class=\"avia_playpause_icon\"><\/div><\/div><\/div><\/div>\n<div  class='flex_column av-lvj8g-ed1e1e47cf4dd26af96ef6426e37deae av_one_half  avia-builder-el-7  el_after_av_one_half  el_before_av_hr  flex_column_div  '     ><style type=\"text\/css\" data-created_by=\"avia_inline_auto\" id=\"style-css-av-lganzffg-1f6110bf88c6b59bddcfdd72d02aedea\">\n.avia-video.av-lganzffg-1f6110bf88c6b59bddcfdd72d02aedea{\nbackground-image:url(https:\/\/centre-babel.fr\/colloque-babel\/wp-content\/uploads\/2023\/04\/Video-S-Bouznah-scaled-1.jpg);\n}\n<\/style>\n<div  class='avia-video av-lganzffg-1f6110bf88c6b59bddcfdd72d02aedea avia-video-16-9 av-preview-image avia-video-load-always avia-video-html5'  itemprop=\"video\" itemtype=\"https:\/\/schema.org\/VideoObject\"  data-original_url='https:\/\/centre-babel.fr\/videos\/serge-bouznah-itv1.mp4'><video class='avia_video' poster=\"https:\/\/centre-babel.fr\/colloque-babel\/wp-content\/uploads\/2023\/04\/Video-S-Bouznah-scaled-1.jpg\"   preload=\"auto\"  controls id='player_200_699873026_336343957'><source src='https:\/\/centre-babel.fr\/videos\/serge-bouznah-itv1.mp4' type='video\/mp4' \/><\/video><\/div><\/div>\n<div  class='hr av-tbu6o-4bfd2846fa1a2e6ff563392ef65d2819 hr-default  avia-builder-el-9  el_after_av_one_half  el_before_av_one_half '><span class='hr-inner '><span class=\"hr-inner-style\"><\/span><\/span><\/div>\n<div  class='flex_column av-gjsgg-1a1f819cf2fa486fcd90adf2ab7b94e2 av_one_half  avia-builder-el-10  el_after_av_hr  el_before_av_one_half  first flex_column_div  '     ><style type=\"text\/css\" data-created_by=\"avia_inline_auto\" id=\"style-css-av-9rbj4-06b8277fd8f24dce969a7bf854476972\">\n.avia-video.av-9rbj4-06b8277fd8f24dce969a7bf854476972{\nbackground-image:url(https:\/\/centre-babel.fr\/colloque-babel\/wp-content\/uploads\/2023\/04\/play.jpg);\n}\n<\/style>\n<div  class='avia-video av-9rbj4-06b8277fd8f24dce969a7bf854476972 avia-video-16-9 av-preview-image avia-video-load-always avia-video-html5'  itemprop=\"video\" itemtype=\"https:\/\/schema.org\/VideoObject\"  data-original_url='https:\/\/centre-babel.fr\/wp-content\/uploads\/2023\/04\/marie-rose-moro-colloque-2023.mp4'><video class='avia_video' poster=\"https:\/\/centre-babel.fr\/colloque-babel\/wp-content\/uploads\/2023\/04\/play.jpg\"   preload=\"auto\"  controls id='player_200_777285065_454247261'><source src='https:\/\/centre-babel.fr\/wp-content\/uploads\/2023\/04\/marie-rose-moro-colloque-2023.mp4' type='video\/mp4' \/><\/video><\/div><\/div>\n<div  class='flex_column av-g8u60-0ebc3f42ebbd0308530e4a57885c9f7a av_one_half  avia-builder-el-12  el_after_av_one_half  el_before_av_hr  flex_column_div  '     ><style type=\"text\/css\" data-created_by=\"avia_inline_auto\" id=\"style-css-av-lganxws7-29c85dcd322eb93dcb5e060e205ece8d\">\n.avia-video.av-lganxws7-29c85dcd322eb93dcb5e060e205ece8d{\nbackground-image:url(https:\/\/centre-babel.fr\/colloque-babel\/wp-content\/uploads\/2023\/04\/play.jpg);\n}\n<\/style>\n<div  class='avia-video av-lganxws7-29c85dcd322eb93dcb5e060e205ece8d avia-video-16-9 av-preview-image avia-video-load-always av-lazyload-immediate av-lazyload-video-embed'  itemprop=\"video\" itemtype=\"https:\/\/schema.org\/VideoObject\"  data-original_url='https:\/\/vimeo.com\/835786580'><script type='text\/html' class='av-video-tmpl'><div class='avia-iframe-wrap'><iframe loading=\"lazy\" title=\"Colloque &quot;Na\u00eetre \u00e0 la crois\u00e9e des mondes&quot;- 21 nov 2023\" src=\"https:\/\/player.vimeo.com\/video\/835786580?dnt=1&amp;app_id=122963&autoplay=0&loop=0&controls=1&muted=0\" width=\"1280\" height=\"720\" frameborder=\"0\" allow=\"autoplay; fullscreen; picture-in-picture\"><\/iframe><\/div><\/script><div class='av-click-to-play-overlay'><div class=\"avia_playpause_icon\"><\/div><\/div><\/div><\/div>\n<div  class='hr av-7ry34-dc202f54e44f982e15ff0713365d1979 hr-default  avia-builder-el-14  el_after_av_one_half  el_before_av_one_half '><span class='hr-inner '><span class=\"hr-inner-style\"><\/span><\/span><\/div>\n<div  class='flex_column av-77xeo-21d54194c081b8c74d6772bd76e24875 av_one_half  avia-builder-el-15  el_after_av_hr  el_before_av_one_half  first flex_column_div  '     ><style type=\"text\/css\" data-created_by=\"avia_inline_auto\" id=\"style-css-av-llnj4cbk-e52083d81a037572da8edb9bb0ccb5cb\">\n.avia-video.av-llnj4cbk-e52083d81a037572da8edb9bb0ccb5cb{\nbackground-image:url(https:\/\/centre-babel.fr\/colloque-babel\/wp-content\/uploads\/2023\/04\/play.jpg);\n}\n<\/style>\n<div  class='avia-video av-llnj4cbk-e52083d81a037572da8edb9bb0ccb5cb avia-video-16-9 av-preview-image avia-video-load-always av-lazyload-immediate av-lazyload-video-embed'  itemprop=\"video\" itemtype=\"https:\/\/schema.org\/VideoObject\"  data-original_url='https:\/\/vimeo.com\/854810100'><script type='text\/html' class='av-video-tmpl'><div class='avia-iframe-wrap'><iframe loading=\"lazy\" title=\"Colloque &quot;Na\u00eetre \u00e0 la crois\u00e9e des mondes&quot; - Utiliser nos compe\u0301tences transculturelles\" src=\"https:\/\/player.vimeo.com\/video\/854810100?dnt=1&amp;app_id=122963&autoplay=0&loop=0&controls=1&muted=0\" width=\"1500\" height=\"844\" frameborder=\"0\" allow=\"autoplay; fullscreen; picture-in-picture\"><\/iframe><\/div><\/script><div class='av-click-to-play-overlay'><div class=\"avia_playpause_icon\"><\/div><\/div><\/div><\/div>\n<div  class='flex_column av-mvy6w-c82152c486cc493773154507d117541a av_one_half  avia-builder-el-17  el_after_av_one_half  avia-builder-el-last  flex_column_div  '     ><style type=\"text\/css\" data-created_by=\"avia_inline_auto\" id=\"style-css-av-h0vfc-cc7607bfa10e46cbd5dde400d182bfcb\">\n.avia-video.av-h0vfc-cc7607bfa10e46cbd5dde400d182bfcb{\nbackground-image:url(https:\/\/centre-babel.fr\/colloque-babel\/wp-content\/uploads\/2023\/04\/play.jpg);\n}\n<\/style>\n<div  class='avia-video av-h0vfc-cc7607bfa10e46cbd5dde400d182bfcb avia-video-16-9 av-preview-image avia-video-load-always av-lazyload-immediate av-lazyload-video-embed'  itemprop=\"video\" itemtype=\"https:\/\/schema.org\/VideoObject\"  data-original_url='https:\/\/vimeo.com\/845259275?share=copy'><script type='text\/html' class='av-video-tmpl'><div class='avia-iframe-wrap'><iframe loading=\"lazy\" title=\"Hawa  Camara - Rahmeth Radjack - Pre\u0301sentation du colloque\" src=\"https:\/\/player.vimeo.com\/video\/845259275?dnt=1&amp;app_id=122963&autoplay=0&loop=0&controls=1&muted=0\" width=\"1500\" height=\"844\" frameborder=\"0\" allow=\"autoplay; fullscreen; picture-in-picture\"><\/iframe><\/div><\/script><div class='av-click-to-play-overlay'><div class=\"avia_playpause_icon\"><\/div><\/div><\/div><\/div>\n","protected":false},"excerpt":{"rendered":"","protected":false},"author":1,"featured_media":0,"parent":0,"menu_order":0,"comment_status":"closed","ping_status":"closed","template":"","meta":{"footnotes":""},"class_list":["post-200","page","type-page","status-publish","hentry"],"_links":{"self":[{"href":"https:\/\/centre-babel.fr\/colloque-babel\/wp-json\/wp\/v2\/pages\/200","targetHints":{"allow":["GET"]}}],"collection":[{"href":"https:\/\/centre-babel.fr\/colloque-babel\/wp-json\/wp\/v2\/pages"}],"about":[{"href":"https:\/\/centre-babel.fr\/colloque-babel\/wp-json\/wp\/v2\/types\/page"}],"author":[{"embeddable":true,"href":"https:\/\/centre-babel.fr\/colloque-babel\/wp-json\/wp\/v2\/users\/1"}],"replies":[{"embeddable":true,"href":"https:\/\/centre-babel.fr\/colloque-babel\/wp-json\/wp\/v2\/comments?post=200"}],"version-history":[{"count":25,"href":"https:\/\/centre-babel.fr\/colloque-babel\/wp-json\/wp\/v2\/pages\/200\/revisions"}],"predecessor-version":[{"id":1491,"href":"https:\/\/centre-babel.fr\/colloque-babel\/wp-json\/wp\/v2\/pages\/200\/revisions\/1491"}],"wp:attachment":[{"href":"https:\/\/centre-babel.fr\/colloque-babel\/wp-json\/wp\/v2\/media?parent=200"}],"curies":[{"name":"wp","href":"https:\/\/api.w.org\/{rel}","templated":true}]}}