{"id":197,"date":"2023-04-10T11:19:45","date_gmt":"2023-04-10T09:19:45","guid":{"rendered":"https:\/\/centre-babel.fr\/colloque-babel\/?page_id=197"},"modified":"2023-10-12T11:25:44","modified_gmt":"2023-10-12T09:25:44","slug":"reglement-interieur","status":"publish","type":"page","link":"https:\/\/centre-babel.fr\/colloque-babel\/reglement-interieur\/","title":{"rendered":"R\u00c8GLEMENT INT\u00c9RIEUR"},"content":{"rendered":"<div  class='flex_column av-1fg05-55d5056281163b31f7f397fc8aad9321 av_one_full  avia-builder-el-0  avia-builder-el-no-sibling  first flex_column_div  '     ><p>\n<style type=\"text\/css\" data-created_by=\"avia_inline_auto\" id=\"style-css-av-lgamfpp5-60291941abd86bd938a07683cd018c80\">\n#top .av-special-heading.av-lgamfpp5-60291941abd86bd938a07683cd018c80{\npadding-bottom:10px;\n}\nbody .av-special-heading.av-lgamfpp5-60291941abd86bd938a07683cd018c80 .av-special-heading-tag .heading-char{\nfont-size:25px;\n}\n.av-special-heading.av-lgamfpp5-60291941abd86bd938a07683cd018c80 .av-subheading{\nfont-size:15px;\n}\n<\/style>\n<div  class='av-special-heading av-lgamfpp5-60291941abd86bd938a07683cd018c80 av-special-heading-h3  avia-builder-el-1  el_before_av_textblock  avia-builder-el-first '><h3 class='av-special-heading-tag '  itemprop=\"headline\"  >R\u00c8GLEMENT INT\u00c9RIEUR<\/h3><div class=\"special-heading-border\"><div class=\"special-heading-inner-border\"><\/div><\/div><\/div><br \/>\n\n<style type=\"text\/css\" data-created_by=\"avia_inline_auto\" id=\"style-css-av-lgamh9kz-13fbae74bff5ce1169d69622464c39c5\">\n#top .av_textblock_section.av-lgamh9kz-13fbae74bff5ce1169d69622464c39c5 .avia_textblock{\nfont-size:14px;\n}\n<\/style>\n<section  class='av_textblock_section av-lgamh9kz-13fbae74bff5ce1169d69622464c39c5 '   itemscope=\"itemscope\" itemtype=\"https:\/\/schema.org\/CreativeWork\" ><div class='avia_textblock'  itemprop=\"text\" ><p><b>Article 1 : Objet<\/b><\/p>\n<p><span style=\"font-weight: 400;\">Le pr\u00e9sent r\u00e8glement a pour objet de fixer les r\u00e8gles de fonctionnement du colloque hybride, qui se d\u00e9roule \u00e0 la fois en pr\u00e9sentiel et en visioconf\u00e9rence.<\/span><\/p>\n<p><b>Article 2 : Participation<\/b><\/p>\n<p><span style=\"font-weight: 400;\">Les participants sont invit\u00e9s \u00e0 respecter le programme pr\u00e9vu pour le colloque. Les personnes pr\u00e9sentes sur place doivent se conformer aux consignes donn\u00e9es par les organisateurs concernant la s\u00e9curit\u00e9 sanitaire et les r\u00e8gles de distanciation physique. Les participants en visioconf\u00e9rence doivent se connecter \u00e0 l&rsquo;heure pr\u00e9vue pour la session.<\/span><\/p>\n<p><b>Article 3 : D\u00e9roulement des sessions<\/b><\/p>\n<p><span style=\"font-weight: 400;\">Le programme du colloque indique les horaires et le contenu de chaque session. Les intervenants doivent respecter le temps imparti pour leur pr\u00e9sentation et leur \u00e9change avec le public. Les participants en visioconf\u00e9rence peuvent poser des questions par chat ou par voix en utilisant le syst\u00e8me de visioconf\u00e9rence.<\/span><\/p>\n<p><b>Article 4 : Enregistrements<\/b><\/p>\n<p><span style=\"font-weight: 400;\">Les sessions du colloque peuvent \u00eatre enregistr\u00e9es pour une diffusion ult\u00e9rieure sur les plateformes en ligne ou les r\u00e9seaux sociaux. Les intervenants et les participants sont inform\u00e9s de l&rsquo;enregistrement et doivent donner leur accord pr\u00e9alable[SL1] . Les organisateurs se r\u00e9servent le droit de ne pas enregistrer certaines sessions \u00e0 leur discr\u00e9tion.<\/span><\/p>\n<p><b>Article 5 : Propri\u00e9t\u00e9 intellectuelle<\/b><\/p>\n<p><span style=\"font-weight: 400;\">Les intervenants restent propri\u00e9taires de leur pr\u00e9sentation et de leur contenu. Toute reproduction ou utilisation de leur mat\u00e9riel doit faire l&rsquo;objet d&rsquo;une autorisation pr\u00e9alable de leur part.<\/span><\/p>\n<p><b>Article 6 : Comportement<\/b><\/p>\n<p><span style=\"font-weight: 400;\">Les participants sont invit\u00e9s \u00e0 adopter un comportement respectueux et professionnel envers les intervenants et les autres participants. Tout comportement inappropri\u00e9, tel que le harc\u00e8lement ou la discrimination, ne sera pas tol\u00e9r\u00e9 et pourra entra\u00eener l&rsquo;exclusion du colloque.<\/span><\/p>\n<p><b>Article 7 : Interruption de la connexion internet ou de l&rsquo;alimentation \u00e9lectrique<\/b><\/p>\n<p><span style=\"font-weight: 400;\">Le colloque peut \u00eatre perturb\u00e9 par une interruption de la connexion internet ou de l&rsquo;alimentation \u00e9lectrique. Les organisateurs ne peuvent garantir la continuit\u00e9 de la connexion internet ou de l&rsquo;alimentation \u00e9lectrique pendant toute la dur\u00e9e du colloque. En cas de coupure de la connexion internet ou de l&rsquo;alimentation \u00e9lectrique, les organisateurs feront tout leur possible pour r\u00e9tablir la situation dans les meilleurs d\u00e9lais.<\/span><span style=\"font-weight: 400;\">\u00a0<\/span><\/p>\n<p><span style=\"font-weight: 400;\">Les participants sont invit\u00e9s \u00e0 prendre des mesures de pr\u00e9caution pour \u00e9viter toute perte de donn\u00e9es, telle que la sauvegarde r\u00e9guli\u00e8re des fichiers de pr\u00e9sentation. Les intervenants doivent \u00eatre en mesure de poursuivre leur pr\u00e9sentation en utilisant des supports alternatifs, tels que des documents imprim\u00e9s ou des fichiers stock\u00e9s sur une cl\u00e9 USB.<\/span><\/p>\n<p><span style=\"font-weight: 400;\">En cas d&rsquo;interruption prolong\u00e9e de la connexion internet ou de l&rsquo;alimentation \u00e9lectrique, les organisateurs se r\u00e9servent le droit de modifier l&rsquo;horaire ou la programmation du colloque, en concertation avec les intervenants et les participants. Les nouvelles informations seront communiqu\u00e9es par courrier \u00e9lectronique, sur le site web du colloque ou en utilisant d&rsquo;autres canaux de communication.<\/span><\/p>\n<p><span style=\"font-weight: 400;\">Les organisateurs ne peuvent \u00eatre tenus responsables des pertes, dommages ou cons\u00e9quences r\u00e9sultant de l&rsquo;interruption de la connexion internet ou de l&rsquo;alimentation \u00e9lectrique pendant le colloque.<\/span><\/p>\n<p><b>Article 8 : Responsabilit\u00e9<\/b><\/p>\n<p><span style=\"font-weight: 400;\">Les organisateurs ne sont pas responsables des pertes, dommages ou vols de biens personnels des participants. Les participants sont responsables de leur propre mat\u00e9riel informatique et de leur connexion internet pour les sessions en visioconf\u00e9rence.<\/span><\/p>\n<p><b>Article 9 : Perte des mots de passe des utilisateur<\/b><span style=\"font-weight: 400;\">\u00a0<\/span><\/p>\n<p><span style=\"font-weight: 400;\">Les participants du colloque sont invit\u00e9s \u00e0 cr\u00e9er un compte personnel pour acc\u00e9der \u00e0 la plateforme de visioconf\u00e9rence ou \u00e0 d&rsquo;autres outils de communication en ligne. Les utilisateurs sont responsables de la s\u00e9curit\u00e9 de leur compte, y compris la confidentialit\u00e9 de leur mot de passe.<\/span><\/p>\n<p><span style=\"font-weight: 400;\">En cas de perte ou d&rsquo;oubli de leur mot de passe, les utilisateurs peuvent demander une r\u00e9initialisation de leur compte en utilisant les proc\u00e9dures pr\u00e9vues par la plateforme de visioconf\u00e9rence ou par les organisateurs du colloque. Les utilisateurs doivent suivre les instructions fournies pour v\u00e9rifier leur identit\u00e9 avant de recevoir un nouveau mot de passe.<\/span><\/p>\n<p><span style=\"font-weight: 400;\">Les organisateurs du colloque ne peuvent \u00eatre tenus responsables de toute perte, dommage ou cons\u00e9quence r\u00e9sultant de la perte ou de l&rsquo;utilisation non autoris\u00e9e d&rsquo;un mot de passe. Les utilisateurs sont invit\u00e9s \u00e0 prendre des mesures de pr\u00e9caution pour prot\u00e9ger leur mot de passe, telles que l&rsquo;utilisation de mots de passe forts et uniques et la d\u00e9sactivation de la fonction de m\u00e9morisation automatique des mots de passe.<\/span><\/p>\n<p><span style=\"font-weight: 400;\">Les organisateurs du colloque se r\u00e9servent le droit de suspendre ou de fermer le compte d&rsquo;un utilisateur en cas d&rsquo;utilisation abusive ou frauduleuse de son compte.<\/span><\/p>\n<p><b>Article 10 : Inscriptions en ligne<\/b><\/p>\n<p><span style=\"font-weight: 400;\">Les inscriptions pour participer au colloque peuvent \u00eatre effectu\u00e9es en ligne, sur le site web du colloque ou sur une plateforme tierce de gestion d&rsquo;inscription. Les tarifs et les modalit\u00e9s d&rsquo;inscription sont indiqu\u00e9s sur le site web du colloque.<\/span><\/p>\n<p><span style=\"font-weight: 400;\">Les participants individuels peuvent s&rsquo;inscrire en choisissant l&rsquo;une des cat\u00e9gories suivantes : Normal, tarif r\u00e9duit AIEP, \u00e9tudiants. Les participants doivent fournir des informations personnelles exactes et \u00e0 jour, y compris leur nom, leur adresse \u00e9lectronique, leur affiliation, leur statut et leur pays d&rsquo;origine.<\/span><\/p>\n<p><span style=\"font-weight: 400;\">Les inscriptions institutionnelles sont \u00e9galement possibles. Les institutions qui souhaitent inscrire plusieurs participants peuvent contacter les organisateurs du colloque pour discuter des options et des tarifs.\u00a0 Les institutions doivent fournir des informations exactes et \u00e0 jour sur chaque participant, y compris leur nom, leur adresse \u00e9lectronique et leur profession.<\/span><\/p>\n<p><span style=\"font-weight: 400;\">Les participants inscrits recevront une confirmation d&rsquo;inscription par courrier \u00e9lectronique, ainsi que toutes les informations n\u00e9cessaires pour acc\u00e9der au colloque en ligne.<\/span><\/p>\n<p><span style=\"font-weight: 400;\">Les frais d&rsquo;inscription ne sont pas remboursables, sauf en cas d&rsquo;annulation du colloque par les organisateurs. Les organisateurs se r\u00e9servent le droit de refuser ou d&rsquo;annuler une inscription en cas de non-respect des conditions d&rsquo;inscription ou de comportement inappropri\u00e9 pendant le colloque.<\/span><\/p>\n<p><b>Article 11 : Modification du r\u00e8glement<\/b><\/p>\n<p><span style=\"font-weight: 400;\">Les organisateurs se r\u00e9servent le droit de modifier le pr\u00e9sent r\u00e8glement int\u00e9rieur \u00e0 tout moment. Les participants seront inform\u00e9s de toute modification par voie \u00e9lectronique ou sur le site web du colloque.<\/span><\/p>\n<p><b>Article 12 : Remboursement<\/b><\/p>\n<p><span style=\"font-weight: 400;\">Les inscriptions pourront \u00eatre rembours\u00e9es jusqu&rsquo;\u00e0 deux semaines avant le colloque, sur pr\u00e9sentation de justificatifs, en cas de force majeure.\u00a0\u00bb Un forfait de 30\u20ac sera d\u00e9duit du remboursement pour frais administratifs.<\/span><\/p>\n<ul>\n<li style=\"font-weight: 400;\" aria-level=\"1\"><span style=\"font-weight: 400;\">Maladie grave ou accident n\u00e9cessitant une hospitalisation ou une convalescence<\/span><\/li>\n<li style=\"font-weight: 400;\" aria-level=\"1\"><span style=\"font-weight: 400;\">D\u00e9c\u00e8s d&rsquo;un proche ou membre de la famille directe<\/span><\/li>\n<li style=\"font-weight: 400;\" aria-level=\"1\"><span style=\"font-weight: 400;\">Emp\u00eachement professionnel impr\u00e9vu (par exemple, convocation \u00e0 un \u00e9v\u00e9nement important ou mission professionnelle inattendue)<\/span><\/li>\n<li style=\"font-weight: 400;\" aria-level=\"1\"><span style=\"font-weight: 400;\">Probl\u00e8me de transport majeur (par exemple, gr\u00e8ve de transport en commun, annulation de vol)<\/span><\/li>\n<li style=\"font-weight: 400;\" aria-level=\"1\"><span style=\"font-weight: 400;\">Tout autre \u00e9v\u00e9nement impr\u00e9vu et ind\u00e9pendant de la volont\u00e9 de la personne inscrite, rendant sa participation impossible ou tr\u00e8s difficile.<\/span><\/li>\n<\/ul>\n<p><span style=\"font-weight: 400;\">\u00a0<\/span><\/p>\n<\/div><\/section><\/p><\/div>\n","protected":false},"excerpt":{"rendered":"","protected":false},"author":1,"featured_media":0,"parent":0,"menu_order":0,"comment_status":"closed","ping_status":"closed","template":"","meta":{"footnotes":""},"class_list":["post-197","page","type-page","status-publish","hentry"],"_links":{"self":[{"href":"https:\/\/centre-babel.fr\/colloque-babel\/wp-json\/wp\/v2\/pages\/197","targetHints":{"allow":["GET"]}}],"collection":[{"href":"https:\/\/centre-babel.fr\/colloque-babel\/wp-json\/wp\/v2\/pages"}],"about":[{"href":"https:\/\/centre-babel.fr\/colloque-babel\/wp-json\/wp\/v2\/types\/page"}],"author":[{"embeddable":true,"href":"https:\/\/centre-babel.fr\/colloque-babel\/wp-json\/wp\/v2\/users\/1"}],"replies":[{"embeddable":true,"href":"https:\/\/centre-babel.fr\/colloque-babel\/wp-json\/wp\/v2\/comments?post=197"}],"version-history":[{"count":8,"href":"https:\/\/centre-babel.fr\/colloque-babel\/wp-json\/wp\/v2\/pages\/197\/revisions"}],"predecessor-version":[{"id":1280,"href":"https:\/\/centre-babel.fr\/colloque-babel\/wp-json\/wp\/v2\/pages\/197\/revisions\/1280"}],"wp:attachment":[{"href":"https:\/\/centre-babel.fr\/colloque-babel\/wp-json\/wp\/v2\/media?parent=197"}],"curies":[{"name":"wp","href":"https:\/\/api.w.org\/{rel}","templated":true}]}}