{"id":1519,"date":"2023-11-06T09:52:20","date_gmt":"2023-11-06T08:52:20","guid":{"rendered":"https:\/\/centre-babel.fr\/colloque-babel\/?page_id=1519"},"modified":"2023-11-06T15:02:09","modified_gmt":"2023-11-06T14:02:09","slug":"concert","status":"publish","type":"page","link":"https:\/\/centre-babel.fr\/colloque-babel\/concert\/","title":{"rendered":"CONCERT"},"content":{"rendered":"\n<style type=\"text\/css\" data-created_by=\"avia_inline_auto\" id=\"style-css-av-6b5z1b-562efc3bdeedb03c992b2df2d4baabd5\">\n.avia-section.av-6b5z1b-562efc3bdeedb03c992b2df2d4baabd5{\nbackground-color:#80afa1;\nbackground-image:unset;\nposition:relative;\n}\n.avia-section.av-6b5z1b-562efc3bdeedb03c992b2df2d4baabd5 .avia-divider-svg-bottom svg{\nheight:43px;\nwidth:calc(132% + 1.3px);\nfill:#ffffff;\n}\n<\/style>\n<div id='av_section_1'  class='avia-section av-6b5z1b-562efc3bdeedb03c992b2df2d4baabd5 main_color avia-section-default avia-no-border-styling  avia-builder-el-0  el_before_av_one_half  avia-builder-el-first  avia-bg-style-scroll av-minimum-height av-minimum-height-50 av-height-50  container_wrap fullsize'   data-av_minimum_height_pc='50' data-av_min_height_opt='50'><div class='avia-divider-svg avia-divider-svg-mountains avia-divider-svg-bottom avia-svg-original'><svg xmlns=\"http:\/\/www.w3.org\/2000\/svg\" viewBox=\"0 0 1000 100\" preserveAspectRatio=\"none\">\n\t<path opacity=\"0.33\" d=\"M473,67.3c-203.9,88.3-263.1-34-320.3,0C66,119.1,0,59.7,0,59.7V0h1000v59.7 c0,0-62.1,26.1-94.9,29.3c-32.8,3.3-62.8-12.3-75.8-22.1C806,49.6,745.3,8.7,694.9,4.7S492.4,59,473,67.3z\"\/>\n\t<path opacity=\"0.66\" d=\"M734,67.3c-45.5,0-77.2-23.2-129.1-39.1c-28.6-8.7-150.3-10.1-254,39.1 s-91.7-34.4-149.2,0C115.7,118.3,0,39.8,0,39.8V0h1000v36.5c0,0-28.2-18.5-92.1-18.5C810.2,18.1,775.7,67.3,734,67.3z\"\/>\n\t<path d=\"M766.1,28.9c-200-57.5-266,65.5-395.1,19.5C242,1.8,242,5.4,184.8,20.6C128,35.8,132.3,44.9,89.9,52.5C28.6,63.7,0,0,0,0 h1000c0,0-9.9,40.9-83.6,48.1S829.6,47,766.1,28.9z\"\/>\n<\/svg><\/div><div class='container av-section-cont-open' ><main  role=\"main\" itemprop=\"mainContentOfPage\"  class='template-page content  av-content-full alpha units'><div class='post-entry post-entry-type-page post-entry-1519'><div class='entry-content-wrapper clearfix'>\n<div  class='flex_column av-3xw227-5a71cd94ee278aa4af401c8ee82b34c8 av_one_full  avia-builder-el-1  avia-builder-el-no-sibling  first flex_column_div  '     ><style type=\"text\/css\" data-created_by=\"avia_inline_auto\" id=\"style-css-av-lomo2aec-f471b69666c447150995e3fb5a408e27\">\n#top .av-special-heading.av-lomo2aec-f471b69666c447150995e3fb5a408e27{\npadding-bottom:10px;\n}\nbody .av-special-heading.av-lomo2aec-f471b69666c447150995e3fb5a408e27 .av-special-heading-tag .heading-char{\nfont-size:57px;\ncolor:#f23232;\npadding-bottom:10px;\n}\n.av-special-heading.av-lomo2aec-f471b69666c447150995e3fb5a408e27 .av-subheading{\nfont-size:25px;\n}\n<\/style>\n<div  class='av-special-heading av-lomo2aec-f471b69666c447150995e3fb5a408e27 av-special-heading-h1 custom-color-heading blockquote elegant-quote elegant-centered  avia-builder-el-2  avia-builder-el-no-sibling  av-icon'><div class='av-subheading av-subheading_above'><p>Colloque | 21 NOVEMBRE 2023<\/p>\n<\/div><h1 class='av-special-heading-tag '  itemprop=\"headline\"  ><span class='heading-char avia-font-entypo-fontello' aria-hidden='true' data-av_icon='\ue89a' data-av_iconfont='entypo-fontello'><\/span><span class=\"heading-wrap\">Concert<\/span><\/h1><div class=\"special-heading-border\"><div class=\"special-heading-inner-border\"><\/div><\/div><\/div><\/div>\n<\/div><\/div><\/main><!-- close content main element --><\/div><\/div><div id='after_section_1'  class='main_color av_default_container_wrap container_wrap fullsize'  ><div class='container av-section-cont-open' ><div class='template-page content  av-content-full alpha units'><div class='post-entry post-entry-type-page post-entry-1519'><div class='entry-content-wrapper clearfix'>\n<div class='flex_column_table av-lomo43sv-fd639a0685ce74de82c6ad68ec3a2700 sc-av_one_half av-equal-height-column-flextable'>\n<style type=\"text\/css\" data-created_by=\"avia_inline_auto\" id=\"style-css-av-lomo43sv-fd639a0685ce74de82c6ad68ec3a2700\">\n.flex_column.av-lomo43sv-fd639a0685ce74de82c6ad68ec3a2700{\nborder-radius:5px 5px 5px 5px;\npadding:30px 30px 30px 30px;\nbackground-color:#f7f7f7;\n}\n<\/style>\n<div  class='flex_column av-lomo43sv-fd639a0685ce74de82c6ad68ec3a2700 av_one_half  avia-builder-el-3  el_after_av_section  el_before_av_one_half  avia-builder-el-first  first flex_column_table_cell av-equal-height-column av-align-middle  '     ><p>\n<style type=\"text\/css\" data-created_by=\"avia_inline_auto\" id=\"style-css-av-lomo3hls-6ac29f018f38fc90eee2644a93de601a\">\n#top .av-special-heading.av-lomo3hls-6ac29f018f38fc90eee2644a93de601a{\npadding-bottom:10px;\n}\nbody .av-special-heading.av-lomo3hls-6ac29f018f38fc90eee2644a93de601a .av-special-heading-tag .heading-char{\nfont-size:25px;\n}\n.av-special-heading.av-lomo3hls-6ac29f018f38fc90eee2644a93de601a .av-subheading{\nfont-size:15px;\n}\n<\/style>\n<div  class='av-special-heading av-lomo3hls-6ac29f018f38fc90eee2644a93de601a av-special-heading-h2 blockquote modern-quote  avia-builder-el-4  el_before_av_textblock  avia-builder-el-first '><h2 class='av-special-heading-tag '  itemprop=\"headline\"  >Melek <span class='special_amp'>&amp;<\/span> Gospel Fire<\/h2><div class=\"special-heading-border\"><div class=\"special-heading-inner-border\"><\/div><\/div><\/div><br \/>\n<section  class='av_textblock_section av-lomo14g5-9e9f21336d60edfc17377b967b6372d2 '   itemscope=\"itemscope\" itemtype=\"https:\/\/schema.org\/CreativeWork\" ><div class='avia_textblock'  itemprop=\"text\" ><blockquote>\n<h3>Pr\u00e9sentation :<\/h3>\n<\/blockquote>\n<p>Melek &amp; Gospel Fire est un ensemble international professionnel cr\u00e9e par Melek Habassa performant entre 10 et 15 choristes avec un maximum de 5 musiciens de tous horizons. Dans un registre plus large, ils peuvent aller jusqu&rsquo;\u00e0 40 choristes.<\/p>\n<p>Leader du gospel africain, Melek Habassa &amp; Gospel Fire donne de la force et de la couleur \u00e0 une \u00e9motion partag\u00e9e, diversifi\u00e9e et m\u00e9tiss\u00e9e. MH&amp;GF veut avant tout faire partager l\u2019amour des blacks spirituals.<\/p>\n<p>A l\u2019aide d\u2019un r\u00e9pertoire vari\u00e9 allant des classiques spirituals aux gospels africains en passant par des gospels modernes, vous voyagez \u00e0 travers l\u2019histoire des Negro-Spirituals tout au long du spectacle. C\u2019est ainsi que vous aurez le plaisir de d\u00e9couvrir de Melek des compositions originales dont le secret et la magie se cachent au c\u0153ur de l\u2019Afrique.<\/p>\n<\/div><\/section><\/p><\/div><div class='av-flex-placeholder'><\/div><div  class='flex_column av-1y7ojj-f8bc7f6584eadf1bcb390f08813240b0 av_one_half  avia-builder-el-6  el_after_av_one_half  el_before_av_one_full  flex_column_table_cell av-equal-height-column av-align-middle  '     ><div  class='avia-video av-lomo2101-4120ef34c57306641554e3529715fb75 avia-video-16-9 av-no-preview-image avia-video-load-always av-lazyload-immediate av-lazyload-video-embed'  itemprop=\"video\" itemtype=\"https:\/\/schema.org\/VideoObject\"  data-original_url='https:\/\/www.youtube.com\/watch?v=SbinRf6aSfA'><script type='text\/html' class='av-video-tmpl'><div class='avia-iframe-wrap'><iframe loading=\"lazy\" title=\"Melek &amp; Gospel Fire - Y\u00e9su Krist\u00f4 a ntuge len - Official video\" width=\"1500\" height=\"844\" src=\"https:\/\/www.youtube.com\/embed\/SbinRf6aSfA?feature=oembed&autoplay=0&loop=0&controls=1&mute=0\" frameborder=\"0\" allow=\"accelerometer; autoplay; clipboard-write; encrypted-media; gyroscope; picture-in-picture; web-share\" allowfullscreen><\/iframe><\/div><\/script><div class='av-click-to-play-overlay'><div class=\"avia_playpause_icon\"><\/div><\/div><\/div><\/div><\/div><!--close column table wrapper. Autoclose: 1 --><\/p>\n<div class='flex_column_table av-av_one_full-0751c6017c14bcbf790c4818b7ee5e94 sc-av_one_full av-equal-height-column-flextable'>\n<style type=\"text\/css\" data-created_by=\"avia_inline_auto\" id=\"style-css-av-av_one_full-0751c6017c14bcbf790c4818b7ee5e94\">\n.flex_column.av-av_one_full-0751c6017c14bcbf790c4818b7ee5e94{\nborder-radius:5px 5px 5px 5px;\npadding:30px 30px 30px 30px;\nbackground-color:#f7f7f7;\n}\n<\/style>\n<div  class='flex_column av-av_one_full-0751c6017c14bcbf790c4818b7ee5e94 av_one_full  avia-builder-el-8  el_after_av_one_half  avia-builder-el-last  first flex_column_table_cell av-equal-height-column av-align-middle  column-top-margin'     ><section  class='av_textblock_section av-lomz07qd-1797dd49a939b2b1638d2e72cd5e90b8 '   itemscope=\"itemscope\" itemtype=\"https:\/\/schema.org\/CreativeWork\" ><div class='avia_textblock'  itemprop=\"text\" ><p>En tout cas, vous ne serez nullement d\u00e9pays\u00e9s car vous saurez juger et appr\u00e9cier des authentiques tel que \u00abMasohe 70\u00bb, \u00abY\u00e9su Krist\u00f4 a ntuge len\u00bb, \u00abIb\u00f4d\u00f4l\u00bb, \u00abM&rsquo;a tagbe\u00bb,<br \/>\n\u00abLet it be so\u00bb, \u00abOpen your eyes\u00bb etc\u2026, des chants pleins de spiritualit\u00e9 et de chaleur joyeuses, chant\u00e9s en bassa, une des langues que compte le Cameroun. Le spectacle vous offre \u00e9galement une autre interpr\u00e9tation des traditionnels Africains-Am\u00e9ricains Spirituals d\u00e9j\u00e0 connus, tels que \u00abWhen the saints go marchin\u2019 in\u00bb, \u00abAmen\u00bb, \u00ab This litlle light of mine\u00bb, \u00abOh happy day\u00bb etc &#8230;&#8230;<\/p>\n<\/div><\/section><\/div><\/div><!--close column table wrapper. Autoclose: 1 -->\n","protected":false},"excerpt":{"rendered":"","protected":false},"author":1,"featured_media":0,"parent":0,"menu_order":0,"comment_status":"closed","ping_status":"closed","template":"","meta":{"footnotes":""},"class_list":["post-1519","page","type-page","status-publish","hentry"],"_links":{"self":[{"href":"https:\/\/centre-babel.fr\/colloque-babel\/wp-json\/wp\/v2\/pages\/1519","targetHints":{"allow":["GET"]}}],"collection":[{"href":"https:\/\/centre-babel.fr\/colloque-babel\/wp-json\/wp\/v2\/pages"}],"about":[{"href":"https:\/\/centre-babel.fr\/colloque-babel\/wp-json\/wp\/v2\/types\/page"}],"author":[{"embeddable":true,"href":"https:\/\/centre-babel.fr\/colloque-babel\/wp-json\/wp\/v2\/users\/1"}],"replies":[{"embeddable":true,"href":"https:\/\/centre-babel.fr\/colloque-babel\/wp-json\/wp\/v2\/comments?post=1519"}],"version-history":[{"count":12,"href":"https:\/\/centre-babel.fr\/colloque-babel\/wp-json\/wp\/v2\/pages\/1519\/revisions"}],"predecessor-version":[{"id":1538,"href":"https:\/\/centre-babel.fr\/colloque-babel\/wp-json\/wp\/v2\/pages\/1519\/revisions\/1538"}],"wp:attachment":[{"href":"https:\/\/centre-babel.fr\/colloque-babel\/wp-json\/wp\/v2\/media?parent=1519"}],"curies":[{"name":"wp","href":"https:\/\/api.w.org\/{rel}","templated":true}]}}