{"id":819,"date":"2023-04-10T11:22:51","date_gmt":"2023-04-10T09:22:51","guid":{"rendered":"https:\/\/centre-babel.fr\/colloque-babel\/video\/"},"modified":"2023-11-02T10:15:48","modified_gmt":"2023-11-02T09:15:48","slug":"video","status":"publish","type":"page","link":"https:\/\/centre-babel.fr\/colloque-babel\/it\/video\/","title":{"rendered":"VIDEO"},"content":{"rendered":"<div  class='flex_column av-lu9pk-c88becbdd99109b1331cf9fa4e7227d1 av_one_half  avia-builder-el-0  el_before_av_one_half  avia-builder-el-first  first flex_column_div  '     ><div  class='avia-video av-lganxws7-c0f988e70679d05ebaeda82a0159c5e7 avia-video-16-9 av-no-preview-image avia-video-load-always av-lazyload-immediate av-lazyload-video-embed'  itemprop=\"video\" itemtype=\"https:\/\/schema.org\/VideoObject\"  data-original_url='https:\/\/vimeo.com\/880160292?share=copy'><script type='text\/html' class='av-video-tmpl'><div class='avia-iframe-wrap'><iframe loading=\"lazy\" title=\"Colloque &quot;Nai\u0302tre \u00e0 la crois\u00e9e des mondes&quot; - Pre\u0301sentation Amalini SIMON\" src=\"https:\/\/player.vimeo.com\/video\/880160292?dnt=1&amp;app_id=122963&autoplay=0&loop=0&controls=1&muted=0\" width=\"1500\" height=\"844\" frameborder=\"0\" allow=\"autoplay; fullscreen; picture-in-picture\"><\/iframe><\/div><\/script><div class='av-click-to-play-overlay'><div class=\"avia_playpause_icon\"><\/div><\/div><\/div><\/div><div  class='flex_column av-av_one_half-f1c518e9ff58e869f80c8f093487abc9 av_one_half  avia-builder-el-2  el_after_av_one_half  el_before_av_hr  flex_column_div  '     ><style type=\"text\/css\" data-created_by=\"avia_inline_auto\" id=\"style-css-av-av_video-4fcd32a9869ba97aadf496524e59b82f\">\n.avia-video.av-av_video-4fcd32a9869ba97aadf496524e59b82f{\nbackground-image:url(https:\/\/centre-babel.fr\/colloque-babel\/wp-content\/uploads\/2023\/04\/play.jpg);\n}\n<\/style>\n<div  class='avia-video av-av_video-4fcd32a9869ba97aadf496524e59b82f avia-video-16-9 av-preview-image avia-video-load-always av-lazyload-immediate av-lazyload-video-embed'  itemprop=\"video\" itemtype=\"https:\/\/schema.org\/VideoObject\"  data-original_url='https:\/\/vimeo.com\/835786580'><script type='text\/html' class='av-video-tmpl'><div class='avia-iframe-wrap'><iframe loading=\"lazy\" title=\"Colloque &quot;Na\u00eetre \u00e0 la crois\u00e9e des mondes&quot;- 21 nov 2023\" src=\"https:\/\/player.vimeo.com\/video\/835786580?dnt=1&amp;app_id=122963&autoplay=0&loop=0&controls=1&muted=0\" width=\"1280\" height=\"720\" frameborder=\"0\" allow=\"autoplay; fullscreen; picture-in-picture\" allowfullscreen><\/iframe><\/div><\/script><div class='av-click-to-play-overlay'><div class=\"avia_playpause_icon\"><\/div><\/div><\/div><\/div><\/p>\n<div  class='hr av-av_hr-91d7ccd583a503147498e120fee2ff9b hr-default  avia-builder-el-4  el_after_av_one_half  el_before_av_one_half '><span class='hr-inner '><span class=\"hr-inner-style\"><\/span><\/span><\/div>\n<div  class='flex_column av-hjgeo-f82f97a3ebf8b57619fafa199f020f39 av_one_half  avia-builder-el-5  el_after_av_hr  el_before_av_one_half  first flex_column_div  '     ><style type=\"text\/css\" data-created_by=\"avia_inline_auto\" id=\"style-css-av-74h6g-be9ad2ec54731ba080b98e5fecf74091\">\n.avia-video.av-74h6g-be9ad2ec54731ba080b98e5fecf74091{\nbackground-image:url(https:\/\/centre-babel.fr\/colloque-babel\/wp-content\/uploads\/2023\/04\/play.jpg);\n}\n<\/style>\n<div  class='avia-video av-74h6g-be9ad2ec54731ba080b98e5fecf74091 avia-video-16-9 av-preview-image avia-video-load-always av-lazyload-immediate av-lazyload-video-embed'  itemprop=\"video\" itemtype=\"https:\/\/schema.org\/VideoObject\"  data-original_url='https:\/\/vimeo.com\/802753656'><script type='text\/html' class='av-video-tmpl'><div class='avia-iframe-wrap'><iframe loading=\"lazy\" title=\"Colloque &quot;Na\u00eetre \u00e0 la crois\u00e9e des mondes&quot; - Dr Serge Bouznah\" src=\"https:\/\/player.vimeo.com\/video\/802753656?dnt=1&amp;app_id=122963&autoplay=0&loop=0&controls=1&muted=0\" width=\"1500\" height=\"844\" frameborder=\"0\" allow=\"autoplay; fullscreen; picture-in-picture\" allowfullscreen><\/iframe><\/div><\/script><div class='av-click-to-play-overlay'><div class=\"avia_playpause_icon\"><\/div><\/div><\/div><\/div>\n<div  class='flex_column av-lvj8g-ed1e1e47cf4dd26af96ef6426e37deae av_one_half  avia-builder-el-7  el_after_av_one_half  el_before_av_hr  flex_column_div  '     ><style type=\"text\/css\" data-created_by=\"avia_inline_auto\" id=\"style-css-av-lganzffg-7471c38d5e6da7848dff3e59f0689bb9\">\n.avia-video.av-lganzffg-7471c38d5e6da7848dff3e59f0689bb9{\nbackground-image:url(https:\/\/centre-babel.fr\/colloque-babel\/wp-content\/uploads\/2023\/04\/Video-S-Bouznah-scaled-1.jpg);\n}\n<\/style>\n<div  class='avia-video av-lganzffg-7471c38d5e6da7848dff3e59f0689bb9 avia-video-16-9 av-preview-image avia-video-load-always avia-video-html5'  itemprop=\"video\" itemtype=\"https:\/\/schema.org\/VideoObject\"  data-original_url='https:\/\/centre-babel.fr\/videos\/serge-bouznah-itv1.mp4'><video class='avia_video' poster=\"https:\/\/centre-babel.fr\/colloque-babel\/wp-content\/uploads\/2023\/04\/Video-S-Bouznah-scaled-1.jpg\"   preload=\"auto\"  controls id='player_819_1044532671_176960866'><source src='https:\/\/centre-babel.fr\/videos\/serge-bouznah-itv1.mp4' type='video\/mp4' \/><\/video><\/div><\/div>\n<div  class='hr av-7ry34-dc202f54e44f982e15ff0713365d1979 hr-default  avia-builder-el-9  el_after_av_one_half  el_before_av_one_half '><span class='hr-inner '><span class=\"hr-inner-style\"><\/span><\/span><\/div>\n<div  class='flex_column av-gjsgg-1a1f819cf2fa486fcd90adf2ab7b94e2 av_one_half  avia-builder-el-10  el_after_av_hr  el_before_av_one_half  first flex_column_div  '     ><style type=\"text\/css\" data-created_by=\"avia_inline_auto\" id=\"style-css-av-9rbj4-600794eb923b03afcfac15cb30e7106e\">\n.avia-video.av-9rbj4-600794eb923b03afcfac15cb30e7106e{\nbackground-image:url(https:\/\/centre-babel.fr\/colloque-babel\/wp-content\/uploads\/2023\/04\/play.jpg);\n}\n<\/style>\n<div  class='avia-video av-9rbj4-600794eb923b03afcfac15cb30e7106e avia-video-16-9 av-preview-image avia-video-load-always avia-video-html5'  itemprop=\"video\" itemtype=\"https:\/\/schema.org\/VideoObject\"  data-original_url='https:\/\/centre-babel.fr\/wp-content\/uploads\/2023\/04\/marie-rose-moro-colloque-2023.mp4'><video class='avia_video' poster=\"https:\/\/centre-babel.fr\/colloque-babel\/wp-content\/uploads\/2023\/04\/play.jpg\"   preload=\"auto\"  controls id='player_819_369502109_1204422600'><source src='https:\/\/centre-babel.fr\/wp-content\/uploads\/2023\/04\/marie-rose-moro-colloque-2023.mp4' type='video\/mp4' \/><\/video><\/div><\/div>\n<div  class='flex_column av-av_one_half-f1c518e9ff58e869f80c8f093487abc9 av_one_half  avia-builder-el-12  el_after_av_one_half  avia-builder-el-last  flex_column_div  '     ><style type=\"text\/css\" data-created_by=\"avia_inline_auto\" id=\"style-css-av-lk6vnx9i-7008f282ddcd4221349bdb629d8411db\">\n.avia-video.av-lk6vnx9i-7008f282ddcd4221349bdb629d8411db{\nbackground-image:url(https:\/\/centre-babel.fr\/colloque-babel\/wp-content\/uploads\/2023\/04\/play.jpg);\n}\n<\/style>\n<div  class='avia-video av-lk6vnx9i-7008f282ddcd4221349bdb629d8411db avia-video-16-9 av-preview-image avia-video-load-always av-lazyload-immediate av-lazyload-video-embed'  itemprop=\"video\" itemtype=\"https:\/\/schema.org\/VideoObject\"  data-original_url='https:\/\/vimeo.com\/845259275?share=copy'><script type='text\/html' class='av-video-tmpl'><div class='avia-iframe-wrap'><iframe loading=\"lazy\" title=\"Hawa  Camara - Rahmeth Radjack - pre\u0301sentation du colloque PAD\" src=\"https:\/\/player.vimeo.com\/video\/845259275?dnt=1&amp;app_id=122963&autoplay=0&loop=0&controls=1&muted=0\" width=\"1500\" height=\"844\" frameborder=\"0\" allow=\"autoplay; fullscreen; picture-in-picture\" allowfullscreen><\/iframe><\/div><\/script><div class='av-click-to-play-overlay'><div class=\"avia_playpause_icon\"><\/div><\/div><\/div><\/div>\n","protected":false},"excerpt":{"rendered":"","protected":false},"author":1,"featured_media":0,"parent":0,"menu_order":0,"comment_status":"closed","ping_status":"closed","template":"","meta":{"footnotes":""},"class_list":["post-819","page","type-page","status-publish","hentry"],"_links":{"self":[{"href":"https:\/\/centre-babel.fr\/colloque-babel\/it\/wp-json\/wp\/v2\/pages\/819","targetHints":{"allow":["GET"]}}],"collection":[{"href":"https:\/\/centre-babel.fr\/colloque-babel\/it\/wp-json\/wp\/v2\/pages"}],"about":[{"href":"https:\/\/centre-babel.fr\/colloque-babel\/it\/wp-json\/wp\/v2\/types\/page"}],"author":[{"embeddable":true,"href":"https:\/\/centre-babel.fr\/colloque-babel\/it\/wp-json\/wp\/v2\/users\/1"}],"replies":[{"embeddable":true,"href":"https:\/\/centre-babel.fr\/colloque-babel\/it\/wp-json\/wp\/v2\/comments?post=819"}],"version-history":[{"count":12,"href":"https:\/\/centre-babel.fr\/colloque-babel\/it\/wp-json\/wp\/v2\/pages\/819\/revisions"}],"predecessor-version":[{"id":1504,"href":"https:\/\/centre-babel.fr\/colloque-babel\/it\/wp-json\/wp\/v2\/pages\/819\/revisions\/1504"}],"wp:attachment":[{"href":"https:\/\/centre-babel.fr\/colloque-babel\/it\/wp-json\/wp\/v2\/media?parent=819"}],"curies":[{"name":"wp","href":"https:\/\/api.w.org\/{rel}","templated":true}]}}