{"id":785,"date":"2023-02-26T10:47:49","date_gmt":"2023-02-26T09:47:49","guid":{"rendered":"https:\/\/centre-babel.fr\/colloque-babel\/direct\/"},"modified":"2023-11-24T14:41:19","modified_gmt":"2023-11-24T13:41:19","slug":"direct","status":"publish","type":"page","link":"https:\/\/centre-babel.fr\/colloque-babel\/it\/direct\/","title":{"rendered":"LIVE"},"content":{"rendered":"\n<style type=\"text\/css\" data-created_by=\"avia_inline_auto\" id=\"style-css-av-av_section-27a712dd11e5d3722d801b9e788208a3\">\n.avia-section.av-av_section-27a712dd11e5d3722d801b9e788208a3{\nbackground-color:#80afa1;\nbackground-image:unset;\nposition:relative;\n}\n.avia-section.av-av_section-27a712dd11e5d3722d801b9e788208a3 .avia-divider-svg-bottom svg{\nheight:43px;\nwidth:calc(132% + 1.3px);\nfill:#f0593e;\n}\n<\/style>\n<div id='av_section_1'  class='avia-section av-av_section-27a712dd11e5d3722d801b9e788208a3 main_color avia-section-default avia-no-border-styling  avia-builder-el-0  el_before_av_section  avia-builder-el-first  avia-bg-style-scroll av-minimum-height av-minimum-height-100 av-height-100  container_wrap fullsize'   data-av_minimum_height_pc='100' data-av_min_height_opt='100'><div class='avia-divider-svg avia-divider-svg-mountains avia-divider-svg-bottom avia-svg-original'><svg xmlns=\"http:\/\/www.w3.org\/2000\/svg\" viewBox=\"0 0 1000 100\" preserveAspectRatio=\"none\">\n\t<path opacity=\"0.33\" d=\"M473,67.3c-203.9,88.3-263.1-34-320.3,0C66,119.1,0,59.7,0,59.7V0h1000v59.7 c0,0-62.1,26.1-94.9,29.3c-32.8,3.3-62.8-12.3-75.8-22.1C806,49.6,745.3,8.7,694.9,4.7S492.4,59,473,67.3z\"\/>\n\t<path opacity=\"0.66\" d=\"M734,67.3c-45.5,0-77.2-23.2-129.1-39.1c-28.6-8.7-150.3-10.1-254,39.1 s-91.7-34.4-149.2,0C115.7,118.3,0,39.8,0,39.8V0h1000v36.5c0,0-28.2-18.5-92.1-18.5C810.2,18.1,775.7,67.3,734,67.3z\"\/>\n\t<path d=\"M766.1,28.9c-200-57.5-266,65.5-395.1,19.5C242,1.8,242,5.4,184.8,20.6C128,35.8,132.3,44.9,89.9,52.5C28.6,63.7,0,0,0,0 h1000c0,0-9.9,40.9-83.6,48.1S829.6,47,766.1,28.9z\"\/>\n<\/svg><\/div><div class='container av-section-cont-open' ><main  role=\"main\" itemprop=\"mainContentOfPage\"  class='template-page content  av-content-full alpha units'><div class='post-entry post-entry-type-page post-entry-785'><div class='entry-content-wrapper clearfix'>\n<div  class='flex_column av-av_one_full-1dfc25e2f39ab0856fe178b139693257 av_one_full  avia-builder-el-1  el_before_av_one_full  avia-builder-el-first  first flex_column_div  '     ><p>\n<style type=\"text\/css\" data-created_by=\"avia_inline_auto\" id=\"style-css-av-av_heading-62f50f00044cd2eaf237a526c8073996\">\n#top .av-special-heading.av-av_heading-62f50f00044cd2eaf237a526c8073996{\npadding-bottom:10px;\n}\nbody .av-special-heading.av-av_heading-62f50f00044cd2eaf237a526c8073996 .av-special-heading-tag .heading-char{\nfont-size:57px;\ncolor:#f23232;\npadding-bottom:10px;\n}\n.av-special-heading.av-av_heading-62f50f00044cd2eaf237a526c8073996 .av-subheading{\nfont-size:25px;\n}\n<\/style>\n<div  class='av-special-heading av-av_heading-62f50f00044cd2eaf237a526c8073996 av-special-heading-h1 custom-color-heading blockquote elegant-quote elegant-centered  avia-builder-el-2  el_before_av_hr  avia-builder-el-first  av-icon'><div class='av-subheading av-subheading_above'><p>Colloque | 21 NOVEMBRE 2023<\/p>\n<\/div><h1 class='av-special-heading-tag '  itemprop=\"headline\"  ><span class='heading-char avia-font-entypo-fontello' aria-hidden='true' data-av_icon='\ue89a' data-av_iconfont='entypo-fontello'><\/span><span class=\"heading-wrap\">Replays<\/span><\/h1><div class=\"special-heading-border\"><div class=\"special-heading-inner-border\"><\/div><\/div><\/div><br \/>\n\n<style type=\"text\/css\" data-created_by=\"avia_inline_auto\" id=\"style-css-av-av_hr-3a876428eececa9d35452247ddb053af\">\n#top .hr.hr-invisible.av-av_hr-3a876428eececa9d35452247ddb053af{\nheight:50px;\n}\n<\/style>\n<div  class='hr av-av_hr-3a876428eececa9d35452247ddb053af hr-invisible  avia-builder-el-3  el_after_av_heading  avia-builder-el-last '><span class='hr-inner '><span class=\"hr-inner-style\"><\/span><\/span><\/div><\/p><\/div><div  class='flex_column av-av_one_full-7714eba142aeda1f8b5272a3c372b279 av_one_full  avia-builder-el-4  el_after_av_one_full  avia-builder-el-last  first flex_column_div  column-top-margin'     ><p><div  class='avia-video av-av_video-622e6a65690183a60af82a018bccf4d7 avia-video-16-9 av-no-preview-image avia-video-load-always av-lazyload-immediate av-lazyload-video-embed'  itemprop=\"video\" itemtype=\"https:\/\/schema.org\/VideoObject\"  data-original_url='https:\/\/vimeo.com\/887937932\/2a833c1381'><script type='text\/html' class='av-video-tmpl'><div class='avia-iframe-wrap'><iframe loading=\"lazy\" title=\"NA\u00ceTRE \u00c0 LA CROIS\u00c9E DES MONDES D\u00c9FIS TRANSCULTURELS - Part 1\" src=\"https:\/\/player.vimeo.com\/video\/887937932?h=2a833c1381&amp;dnt=1&amp;app_id=122963&autoplay=0&loop=0&controls=1&muted=0\" width=\"1500\" height=\"844\" frameborder=\"0\" allow=\"autoplay; fullscreen; picture-in-picture\"><\/iframe><\/div><\/script><div class='av-click-to-play-overlay'><div class=\"avia_playpause_icon\"><\/div><\/div><\/div><br \/>\n\n<style type=\"text\/css\" data-created_by=\"avia_inline_auto\" id=\"style-css-av-av_hr-3a876428eececa9d35452247ddb053af\">\n#top .hr.hr-invisible.av-av_hr-3a876428eececa9d35452247ddb053af{\nheight:50px;\n}\n<\/style>\n<div  class='hr av-av_hr-3a876428eececa9d35452247ddb053af hr-invisible  avia-builder-el-6  el_after_av_video  el_before_av_video '><span class='hr-inner '><span class=\"hr-inner-style\"><\/span><\/span><\/div><br \/>\n<div  class='avia-video av-av_video-c855b9288b1d89d58a60e29257e872b7 avia-video-16-9 av-no-preview-image avia-video-load-always av-lazyload-immediate av-lazyload-video-embed'  itemprop=\"video\" itemtype=\"https:\/\/schema.org\/VideoObject\"  data-original_url='https:\/\/vimeo.com\/887940275\/a790a5b22d'><script type='text\/html' class='av-video-tmpl'><div class='avia-iframe-wrap'><iframe loading=\"lazy\" title=\"NA\u00ceTRE \u00c0 LA CROIS\u00c9E DES MONDES D\u00c9FIS TRANSCULTURELS - Part 2\" src=\"https:\/\/player.vimeo.com\/video\/887940275?h=a790a5b22d&amp;dnt=1&amp;app_id=122963&autoplay=0&loop=0&controls=1&muted=0\" width=\"1500\" height=\"844\" frameborder=\"0\" allow=\"autoplay; fullscreen; picture-in-picture\"><\/iframe><\/div><\/script><div class='av-click-to-play-overlay'><div class=\"avia_playpause_icon\"><\/div><\/div><\/div><br \/>\n\n<style type=\"text\/css\" data-created_by=\"avia_inline_auto\" id=\"style-css-av-av_hr-3a876428eececa9d35452247ddb053af\">\n#top .hr.hr-invisible.av-av_hr-3a876428eececa9d35452247ddb053af{\nheight:50px;\n}\n<\/style>\n<div  class='hr av-av_hr-3a876428eececa9d35452247ddb053af hr-invisible  avia-builder-el-8  el_after_av_video  el_before_av_video '><span class='hr-inner '><span class=\"hr-inner-style\"><\/span><\/span><\/div><br \/>\n<div  class='avia-video av-av_video-be8210506dea5a3bfaec4d022c9c5718 avia-video-16-9 av-no-preview-image avia-video-load-always av-lazyload-immediate av-lazyload-video-embed'  itemprop=\"video\" itemtype=\"https:\/\/schema.org\/VideoObject\"  data-original_url='https:\/\/vimeo.com\/887941575\/dc05121535'><script type='text\/html' class='av-video-tmpl'><div class='avia-iframe-wrap'><iframe loading=\"lazy\" title=\"NA\u00ceTRE \u00c0 LA CROIS\u00c9E DES MONDES D\u00c9FIS TRANSCULTURELS - Part 3\" src=\"https:\/\/player.vimeo.com\/video\/887941575?h=dc05121535&amp;dnt=1&amp;app_id=122963&autoplay=0&loop=0&controls=1&muted=0\" width=\"1500\" height=\"844\" frameborder=\"0\" allow=\"autoplay; fullscreen; picture-in-picture\"><\/iframe><\/div><\/script><div class='av-click-to-play-overlay'><div class=\"avia_playpause_icon\"><\/div><\/div><\/div><br \/>\n\n<style type=\"text\/css\" data-created_by=\"avia_inline_auto\" id=\"style-css-av-av_hr-3a876428eececa9d35452247ddb053af\">\n#top .hr.hr-invisible.av-av_hr-3a876428eececa9d35452247ddb053af{\nheight:50px;\n}\n<\/style>\n<div  class='hr av-av_hr-3a876428eececa9d35452247ddb053af hr-invisible  avia-builder-el-10  el_after_av_video  el_before_av_video '><span class='hr-inner '><span class=\"hr-inner-style\"><\/span><\/span><\/div><br \/>\n<div  class='avia-video av-av_video-7c71fb8a0aadb89a0fab8252847993f5 avia-video-16-9 av-no-preview-image avia-video-load-always av-lazyload-immediate av-lazyload-video-embed'  itemprop=\"video\" itemtype=\"https:\/\/schema.org\/VideoObject\"  data-original_url='https:\/\/vimeo.com\/887942620\/53686219d0'><script type='text\/html' class='av-video-tmpl'><div class='avia-iframe-wrap'><iframe loading=\"lazy\" title=\"NA\u00ceTRE \u00c0 LA CROIS\u00c9E DES MONDES D\u00c9FIS TRANSCULTURELS - Part 4\" src=\"https:\/\/player.vimeo.com\/video\/887942620?h=53686219d0&amp;dnt=1&amp;app_id=122963&autoplay=0&loop=0&controls=1&muted=0\" width=\"1500\" height=\"844\" frameborder=\"0\" allow=\"autoplay; fullscreen; picture-in-picture\"><\/iframe><\/div><\/script><div class='av-click-to-play-overlay'><div class=\"avia_playpause_icon\"><\/div><\/div><\/div><\/p><\/div>\n\n<\/div><\/div><\/main><!-- close content main element --><\/div><\/div><div id='av_section_2'  class='avia-section av-av_section-769f2fdb71f74022b5a2c1f15f7d73fe main_color avia-section-default avia-no-border-styling  avia-builder-el-12  el_after_av_section  avia-builder-el-last  av-desktop-hide av-medium-hide av-small-hide av-mini-hide avia-bg-style-scroll container_wrap fullsize'  ><div class='container av-section-cont-open' ><div class='template-page content  av-content-full alpha units'><div class='post-entry post-entry-type-page post-entry-785'><div class='entry-content-wrapper clearfix'>\n\n<style type=\"text\/css\" data-created_by=\"avia_inline_auto\" id=\"style-css-av-av_one_half-9cf7c65c31d7eb2828afdfe86178c7e9\">\n.flex_column.av-av_one_half-9cf7c65c31d7eb2828afdfe86178c7e9{\npadding:30px 30px 30px 30px;\nbackground-color:#f4f4f4;\nbackground:linear-gradient( to top, #f4f4f4, #f9f9f9, #ffffff );\n}\n<\/style>\n<div  class='flex_column av-av_one_half-9cf7c65c31d7eb2828afdfe86178c7e9 av_one_half  avia-builder-el-13  el_before_av_one_half  avia-builder-el-first  first flex_column_div  '     ><p>\n<style type=\"text\/css\" data-created_by=\"avia_inline_auto\" id=\"style-css-av-av_hr-3a876428eececa9d35452247ddb053af\">\n#top .hr.hr-invisible.av-av_hr-3a876428eececa9d35452247ddb053af{\nheight:50px;\n}\n<\/style>\n<div  class='hr av-av_hr-3a876428eececa9d35452247ddb053af hr-invisible  avia-builder-el-14  el_before_av_heading  avia-builder-el-first '><span class='hr-inner '><span class=\"hr-inner-style\"><\/span><\/span><\/div><br \/>\n\n<style type=\"text\/css\" data-created_by=\"avia_inline_auto\" id=\"style-css-av-av_heading-0007db4abde697ac3a1a0e0d4b95c494\">\n#top .av-special-heading.av-av_heading-0007db4abde697ac3a1a0e0d4b95c494{\npadding-bottom:10px;\ncolor:#f0593e;\n}\nbody .av-special-heading.av-av_heading-0007db4abde697ac3a1a0e0d4b95c494 .av-special-heading-tag .heading-char{\nfont-size:57px;\ncolor:#000000;\npadding-bottom:10px;\n}\n.av-special-heading.av-av_heading-0007db4abde697ac3a1a0e0d4b95c494 .special-heading-inner-border{\nborder-color:#f0593e;\n}\n.av-special-heading.av-av_heading-0007db4abde697ac3a1a0e0d4b95c494 .av-subheading{\nfont-size:25px;\n}\n<\/style>\n<div  class='av-special-heading av-av_heading-0007db4abde697ac3a1a0e0d4b95c494 av-special-heading-h2 custom-color-heading blockquote elegant-quote elegant-centered  avia-builder-el-15  el_after_av_hr  el_before_av_textblock  av-icon'><h2 class='av-special-heading-tag '  itemprop=\"headline\"  ><span class='heading-char avia-font-entypo-fontello' aria-hidden='true' data-av_icon='\ue85b' data-av_iconfont='entypo-fontello'><\/span><span class=\"heading-wrap\">Colloque | 21 NOVEMBRE 2023<\/span><\/h2><div class=\"special-heading-border\"><div class=\"special-heading-inner-border\"><\/div><\/div><\/div><br \/>\n<section  class='av_textblock_section av-av_textblock-7a1af7d8f9790576b1769c0a9f0449ed '   itemscope=\"itemscope\" itemtype=\"https:\/\/schema.org\/CreativeWork\" ><div class='avia_textblock'  itemprop=\"text\" ><h3 style=\"text-align: center;\"><strong>8H30 -> 17H00<\/strong><\/h3>\n<\/div><\/section><br \/>\n<div  class='avia-button-wrap av-av_button-d14fbc703301f8a52e2fe4b4beccb1fa-wrap avia-button-center  avia-builder-el-17  el_after_av_textblock  el_before_av_hr '>\n<style type=\"text\/css\" data-created_by=\"avia_inline_auto\" id=\"style-css-av-av_button-d14fbc703301f8a52e2fe4b4beccb1fa\">\n#top #wrap_all .avia-button.av-av_button-d14fbc703301f8a52e2fe4b4beccb1fa{\nbackground-color:#f0593e;\nborder-color:#f0593e;\ncolor:#ffffff;\nborder-radius:30px 30px 30px 30px;\nbox-shadow: 2px 2px 0px 0px #0a0a0a;\ntransition:all 0.4s ease-in-out;\n}\n#top #wrap_all.avia-button.av-av_button-d14fbc703301f8a52e2fe4b4beccb1fa:hover .avia_button_background{\nborder-radius:30px 30px 30px 30px;\n}\n<\/style>\n<a href='https:\/\/centre-babel.fr\/colloque-babel\/direct\/'  class='avia-button av-av_button-d14fbc703301f8a52e2fe4b4beccb1fa av-link-btn avia-icon_select-yes-left-icon avia-size-large avia-position-center av-icon-on-hover'   aria-label=\"Acc\u00e8s au LIVE\"><span class='avia_button_icon avia_button_icon_left' aria-hidden='true' data-av_icon='\ue875' data-av_iconfont='entypo-fontello'><\/span><span class='avia_iconbox_title' >Acc\u00e8s au LIVE<\/span><\/a><\/div><br \/>\n\n<style type=\"text\/css\" data-created_by=\"avia_inline_auto\" id=\"style-css-av-av_hr-3a876428eececa9d35452247ddb053af\">\n#top .hr.hr-invisible.av-av_hr-3a876428eececa9d35452247ddb053af{\nheight:50px;\n}\n<\/style>\n<div  class='hr av-av_hr-3a876428eececa9d35452247ddb053af hr-invisible  avia-builder-el-18  el_after_av_button  avia-builder-el-last '><span class='hr-inner '><span class=\"hr-inner-style\"><\/span><\/span><\/div><\/p><\/div><div  class='flex_column av-av_one_half-f1c518e9ff58e869f80c8f093487abc9 av_one_half  avia-builder-el-19  el_after_av_one_half  avia-builder-el-last  flex_column_div  '     ><style type=\"text\/css\" data-created_by=\"avia_inline_auto\" id=\"style-css-av-av_image-deb5852cdc34b142fdf9e325bef5cf51\">\n.avia-image-container.av-av_image-deb5852cdc34b142fdf9e325bef5cf51 img.avia_image{\nbox-shadow:none;\n}\n.avia-image-container.av-av_image-deb5852cdc34b142fdf9e325bef5cf51 .av-image-caption-overlay-center{\ncolor:#ffffff;\n}\n<\/style>\n<div  class='avia-image-container av-av_image-deb5852cdc34b142fdf9e325bef5cf51 av-styling- avia-align-center  avia-builder-el-20  avia-builder-el-no-sibling '   itemprop=\"image\" itemscope=\"itemscope\" itemtype=\"https:\/\/schema.org\/ImageObject\" ><div class=\"avia-image-container-inner\"><div class=\"avia-image-overlay-wrap\"><img decoding=\"async\" fetchpriority=\"high\" class='wp-image- avia-img-lazy-loading-not- avia_image ' src=\"https:\/\/www.atelierguias.com\/demo\/asso\/wp-content\/uploads\/2023\/02\/affiche-centre-abel-colloque-2023-balbusso-1.jpg\" alt='' title=''   itemprop=\"thumbnailUrl\"  \/><\/div><\/div><\/div><\/div>\n\n","protected":false},"excerpt":{"rendered":"","protected":false},"author":1,"featured_media":0,"parent":0,"menu_order":0,"comment_status":"closed","ping_status":"closed","template":"","meta":{"footnotes":""},"class_list":["post-785","page","type-page","status-publish","hentry"],"_links":{"self":[{"href":"https:\/\/centre-babel.fr\/colloque-babel\/it\/wp-json\/wp\/v2\/pages\/785","targetHints":{"allow":["GET"]}}],"collection":[{"href":"https:\/\/centre-babel.fr\/colloque-babel\/it\/wp-json\/wp\/v2\/pages"}],"about":[{"href":"https:\/\/centre-babel.fr\/colloque-babel\/it\/wp-json\/wp\/v2\/types\/page"}],"author":[{"embeddable":true,"href":"https:\/\/centre-babel.fr\/colloque-babel\/it\/wp-json\/wp\/v2\/users\/1"}],"replies":[{"embeddable":true,"href":"https:\/\/centre-babel.fr\/colloque-babel\/it\/wp-json\/wp\/v2\/comments?post=785"}],"version-history":[{"count":16,"href":"https:\/\/centre-babel.fr\/colloque-babel\/it\/wp-json\/wp\/v2\/pages\/785\/revisions"}],"predecessor-version":[{"id":1663,"href":"https:\/\/centre-babel.fr\/colloque-babel\/it\/wp-json\/wp\/v2\/pages\/785\/revisions\/1663"}],"wp:attachment":[{"href":"https:\/\/centre-babel.fr\/colloque-babel\/it\/wp-json\/wp\/v2\/media?parent=785"}],"curies":[{"name":"wp","href":"https:\/\/api.w.org\/{rel}","templated":true}]}}