{"id":434,"date":"2023-07-10T15:53:31","date_gmt":"2023-07-10T13:53:31","guid":{"rendered":"https:\/\/centre-babel.fr\/colloque-babel\/intervenants\/"},"modified":"2023-10-06T09:22:07","modified_gmt":"2023-10-06T07:22:07","slug":"intervenants","status":"publish","type":"page","link":"https:\/\/centre-babel.fr\/colloque-babel\/en\/intervenants\/","title":{"rendered":"SPEAKERS"},"content":{"rendered":"\n<style type=\"text\/css\" data-created_by=\"avia_inline_auto\" id=\"style-css-av-ljwxm32h-fb34c9aca8e54a595670164eeb84b518\">\n.flex_column.av-ljwxm32h-fb34c9aca8e54a595670164eeb84b518{\npadding:30px 30px 30px 30px;\nbackground-color:#f7f7f7;\n}\n<\/style>\n<div  class='flex_column av-ljwxm32h-fb34c9aca8e54a595670164eeb84b518 av_one_full  avia-builder-el-0  el_before_av_one_half  avia-builder-el-first  first flex_column_div  '     ><style type=\"text\/css\" data-created_by=\"avia_inline_auto\" id=\"style-css-av-ljwxdj1o-e5d439941c515d964bf191957c64611c\">\n#top .av-special-heading.av-ljwxdj1o-e5d439941c515d964bf191957c64611c{\npadding-bottom:10px;\n}\nbody .av-special-heading.av-ljwxdj1o-e5d439941c515d964bf191957c64611c .av-special-heading-tag .heading-char{\nfont-size:25px;\n}\n.av-special-heading.av-ljwxdj1o-e5d439941c515d964bf191957c64611c .av-subheading{\nfont-size:15px;\ncolor:#262626;\n}\n<\/style>\n<div  class='av-special-heading av-ljwxdj1o-e5d439941c515d964bf191957c64611c av-special-heading-h1 custom-color-heading blockquote modern-quote modern-centered  avia-builder-el-1  avia-builder-el-no-sibling '><h1 class='av-special-heading-tag '  itemprop=\"headline\"  >THE SPEAKERS<\/h1><div class='av-subheading av-subheading_below'><p>2023 Conference<\/p>\n<\/div><div class=\"special-heading-border\"><div class=\"special-heading-inner-border\"><\/div><\/div><\/div><\/div>\n\n<style type=\"text\/css\" data-created_by=\"avia_inline_auto\" id=\"style-css-av-ljwxghhp-14e970df11f4d0cef47e100139b794e2\">\n.flex_column.av-ljwxghhp-14e970df11f4d0cef47e100139b794e2{\npadding:30px 30px 30px 30px;\nbackground-color:#f7f7f7;\n}\n<\/style>\n<div  class='flex_column av-ljwxghhp-14e970df11f4d0cef47e100139b794e2 av_one_half  avia-builder-el-2  el_after_av_one_full  el_before_av_one_half  first flex_column_div  column-top-margin'     ><p>\n<style type=\"text\/css\" data-created_by=\"avia_inline_auto\" id=\"style-css-av-p7clq-9ad12726cb292b9f2ce7eadf3767aaef\">\n#top .av-special-heading.av-p7clq-9ad12726cb292b9f2ce7eadf3767aaef{\npadding-bottom:10px;\ncolor:#f0593e;\n}\nbody .av-special-heading.av-p7clq-9ad12726cb292b9f2ce7eadf3767aaef .av-special-heading-tag .heading-char{\nfont-size:25px;\n}\n.av-special-heading.av-p7clq-9ad12726cb292b9f2ce7eadf3767aaef .special-heading-inner-border{\nborder-color:#f0593e;\n}\n.av-special-heading.av-p7clq-9ad12726cb292b9f2ce7eadf3767aaef .av-subheading{\nfont-size:15px;\ncolor:#262626;\n}\n<\/style>\n<div  class='av-special-heading av-p7clq-9ad12726cb292b9f2ce7eadf3767aaef av-special-heading-h2 custom-color-heading blockquote modern-quote modern-centered  avia-builder-el-3  el_before_av_hr  avia-builder-el-first '><h2 class='av-special-heading-tag '  itemprop=\"headline\"  >CLAIRE MESTRE<\/h2><div class='av_custom_color av-subheading av-subheading_below'><p>&#8220;Women and mothers: resistance through words&#8221;<\/p>\n<\/div><div class=\"special-heading-border\"><div class=\"special-heading-inner-border\"><\/div><\/div><\/div><br \/>\n<div  class='hr av-kq5d2-cc80de0b8cdafd2b83ca9d45a6f2d0d0 hr-default  avia-builder-el-4  el_after_av_heading  el_before_av_video '><span class='hr-inner '><span class=\"hr-inner-style\"><\/span><\/span><\/div><br \/>\n<div  class='avia-video av-ljwxe357-280863ba02b7e6f064686fde357812e4 avia-video-16-9 av-no-preview-image avia-video-load-always av-lazyload-immediate av-lazyload-video-embed'  itemprop=\"video\" itemtype=\"https:\/\/schema.org\/VideoObject\"  data-original_url='https:\/\/vimeo.com\/843189348'><script type='text\/html' class='av-video-tmpl'><div class='avia-iframe-wrap'><iframe loading=\"lazy\" title=\"Zoom Claire Mestre PAD\" src=\"https:\/\/player.vimeo.com\/video\/843189348?dnt=1&amp;app_id=122963&autoplay=0&loop=0&controls=1&muted=0\" width=\"1280\" height=\"720\" frameborder=\"0\" allow=\"autoplay; fullscreen; picture-in-picture\" allowfullscreen><\/iframe><\/div><\/script><div class='av-click-to-play-overlay'><div class=\"avia_playpause_icon\"><\/div><\/div><\/div><\/p><\/div>\n\n<style type=\"text\/css\" data-created_by=\"avia_inline_auto\" id=\"style-css-av-hcwe6-2143603d7c883f1d8b239194b6a97600\">\n.flex_column.av-hcwe6-2143603d7c883f1d8b239194b6a97600{\npadding:30px 30px 30px 30px;\nbackground-color:#f7f7f7;\n}\n<\/style>\n<div  class='flex_column av-hcwe6-2143603d7c883f1d8b239194b6a97600 av_one_half  avia-builder-el-6  el_after_av_one_half  el_before_av_one_half  flex_column_div  column-top-margin'     ><p>\n<style type=\"text\/css\" data-created_by=\"avia_inline_auto\" id=\"style-css-av-ljwxhge3-5bff1942e6d01e0511aceed8b59fdfb2\">\n#top .av-special-heading.av-ljwxhge3-5bff1942e6d01e0511aceed8b59fdfb2{\npadding-bottom:10px;\ncolor:#f0593e;\n}\nbody .av-special-heading.av-ljwxhge3-5bff1942e6d01e0511aceed8b59fdfb2 .av-special-heading-tag .heading-char{\nfont-size:25px;\n}\n.av-special-heading.av-ljwxhge3-5bff1942e6d01e0511aceed8b59fdfb2 .special-heading-inner-border{\nborder-color:#f0593e;\n}\n.av-special-heading.av-ljwxhge3-5bff1942e6d01e0511aceed8b59fdfb2 .av-subheading{\nfont-size:15px;\ncolor:#1c1c1c;\n}\n<\/style>\n<div  class='av-special-heading av-ljwxhge3-5bff1942e6d01e0511aceed8b59fdfb2 av-special-heading-h2 custom-color-heading blockquote modern-quote modern-centered  avia-builder-el-7  el_before_av_hr  avia-builder-el-first '><h2 class='av-special-heading-tag '  itemprop=\"headline\"  >BERNARD GOLSE<\/h2><div class='av_custom_color av-subheading av-subheading_below'><p>&#8220;Born elsewhere, a plea for a structuring trauma&#8221;<\/p>\n<\/div><div class=\"special-heading-border\"><div class=\"special-heading-inner-border\"><\/div><\/div><\/div><br \/>\n<div  class='hr av-7exti-8a1f9ad20e118095445f4d9f84b534ed hr-default  avia-builder-el-8  el_after_av_heading  el_before_av_video '><span class='hr-inner '><span class=\"hr-inner-style\"><\/span><\/span><\/div><br \/>\n<div  class='avia-video av-ljwxhjj1-554e8193879ef2d81aded30eadc12fa8 avia-video-16-9 av-no-preview-image avia-video-load-always av-lazyload-immediate av-lazyload-video-embed'  itemprop=\"video\" itemtype=\"https:\/\/schema.org\/VideoObject\"  data-original_url='https:\/\/vimeo.com\/843215198'><script type='text\/html' class='av-video-tmpl'><div class='avia-iframe-wrap'><iframe loading=\"lazy\" title=\"Zoom B Golse PAD\" src=\"https:\/\/player.vimeo.com\/video\/843215198?dnt=1&amp;app_id=122963&autoplay=0&loop=0&controls=1&muted=0\" width=\"1280\" height=\"720\" frameborder=\"0\" allow=\"autoplay; fullscreen; picture-in-picture\" allowfullscreen><\/iframe><\/div><\/script><div class='av-click-to-play-overlay'><div class=\"avia_playpause_icon\"><\/div><\/div><\/div><\/p><\/div>\n\n<style type=\"text\/css\" data-created_by=\"avia_inline_auto\" id=\"style-css-av-av_one_half-b9ed06d1b66410583cf66cfd98c9fb95\">\n.flex_column.av-av_one_half-b9ed06d1b66410583cf66cfd98c9fb95{\npadding:30px 30px 30px 30px;\nbackground-color:#f7f7f7;\n}\n<\/style>\n<div  class='flex_column av-av_one_half-b9ed06d1b66410583cf66cfd98c9fb95 av_one_half  avia-builder-el-10  el_after_av_one_half  el_before_av_one_half  first flex_column_div  column-top-margin'     ><p>\n<style type=\"text\/css\" data-created_by=\"avia_inline_auto\" id=\"style-css-av-lk739obb-80caabe3f95756d39286e4962233f727\">\n#top .av-special-heading.av-lk739obb-80caabe3f95756d39286e4962233f727{\npadding-bottom:10px;\ncolor:#f0593e;\n}\nbody .av-special-heading.av-lk739obb-80caabe3f95756d39286e4962233f727 .av-special-heading-tag .heading-char{\nfont-size:25px;\n}\n.av-special-heading.av-lk739obb-80caabe3f95756d39286e4962233f727 .special-heading-inner-border{\nborder-color:#f0593e;\n}\n.av-special-heading.av-lk739obb-80caabe3f95756d39286e4962233f727 .av-subheading{\nfont-size:15px;\ncolor:#1c1c1c;\n}\n<\/style>\n<div  class='av-special-heading av-lk739obb-80caabe3f95756d39286e4962233f727 av-special-heading-h2 custom-color-heading blockquote modern-quote modern-centered  avia-builder-el-11  el_before_av_hr  avia-builder-el-first '><h2 class='av-special-heading-tag '  itemprop=\"headline\"  >IDA FINZI<\/h2><div class=\"special-heading-border\"><div class=\"special-heading-inner-border\"><\/div><\/div><\/div><br \/>\n<div  class='hr av-av_hr-91d7ccd583a503147498e120fee2ff9b hr-default  avia-builder-el-12  el_after_av_heading  el_before_av_video '><span class='hr-inner '><span class=\"hr-inner-style\"><\/span><\/span><\/div><br \/>\n<div  class='avia-video av-av_video-6a7758ccc770890b77d8ee0ae28dbf08 avia-video-16-9 av-no-preview-image avia-video-load-always av-lazyload-immediate av-lazyload-video-embed'  itemprop=\"video\" itemtype=\"https:\/\/schema.org\/VideoObject\"  data-original_url='https:\/\/vimeo.com\/844507471'><script type='text\/html' class='av-video-tmpl'><div class='avia-iframe-wrap'><iframe loading=\"lazy\" title=\"Colloque &quot;Na\u00eetre \u00e0 la crois\u00e9e des mondes&quot; - Interview de Ida Finzi - Crinali\" src=\"https:\/\/player.vimeo.com\/video\/844507471?dnt=1&amp;app_id=122963&autoplay=0&loop=0&controls=1&muted=0\" width=\"1280\" height=\"720\" frameborder=\"0\" allow=\"autoplay; fullscreen; picture-in-picture\" allowfullscreen><\/iframe><\/div><\/script><div class='av-click-to-play-overlay'><div class=\"avia_playpause_icon\"><\/div><\/div><\/div><\/p><\/div>\n\n<style type=\"text\/css\" data-created_by=\"avia_inline_auto\" id=\"style-css-av-av_one_half-d952ec3a29dbced2cdcefd07c9340dd7\">\n.flex_column.av-av_one_half-d952ec3a29dbced2cdcefd07c9340dd7{\npadding:30px 30px 30px 30px;\nbackground-color:#f7f7f7;\n}\n<\/style>\n<div  class='flex_column av-av_one_half-d952ec3a29dbced2cdcefd07c9340dd7 av_one_half  avia-builder-el-14  el_after_av_one_half  el_before_av_one_half  flex_column_div  column-top-margin'     ><p>\n<style type=\"text\/css\" data-created_by=\"avia_inline_auto\" id=\"style-css-av-av_heading-702f927ef277bedc34cc1ac1f9b4fcf9\">\n#top .av-special-heading.av-av_heading-702f927ef277bedc34cc1ac1f9b4fcf9{\npadding-bottom:10px;\ncolor:#f0593e;\n}\nbody .av-special-heading.av-av_heading-702f927ef277bedc34cc1ac1f9b4fcf9 .av-special-heading-tag .heading-char{\nfont-size:25px;\n}\n.av-special-heading.av-av_heading-702f927ef277bedc34cc1ac1f9b4fcf9 .special-heading-inner-border{\nborder-color:#f0593e;\n}\n.av-special-heading.av-av_heading-702f927ef277bedc34cc1ac1f9b4fcf9 .av-subheading{\nfont-size:15px;\ncolor:#1c1c1c;\n}\n<\/style>\n<div  class='av-special-heading av-av_heading-702f927ef277bedc34cc1ac1f9b4fcf9 av-special-heading-h2 custom-color-heading blockquote modern-quote modern-centered  avia-builder-el-15  el_before_av_hr  avia-builder-el-first '><h2 class='av-special-heading-tag '  itemprop=\"headline\"  >SABINA DAL VERME<\/h2><div class=\"special-heading-border\"><div class=\"special-heading-inner-border\"><\/div><\/div><\/div><br \/>\n<div  class='hr av-av_hr-91d7ccd583a503147498e120fee2ff9b hr-default  avia-builder-el-16  el_after_av_heading  el_before_av_video '><span class='hr-inner '><span class=\"hr-inner-style\"><\/span><\/span><\/div><br \/>\n<div  class='avia-video av-av_video-5296a3a426963db16e80ea39c03b919d avia-video-16-9 av-no-preview-image avia-video-load-always av-lazyload-immediate av-lazyload-video-embed'  itemprop=\"video\" itemtype=\"https:\/\/schema.org\/VideoObject\"  data-original_url='https:\/\/vimeo.com\/845244059'><script type='text\/html' class='av-video-tmpl'><div class='avia-iframe-wrap'><iframe loading=\"lazy\" title=\"Colloque &quot;Na\u00eetre \u00e0 la crois\u00e9e des mondes&quot; - Interview de Sabina Dal Verme - Crinali\" src=\"https:\/\/player.vimeo.com\/video\/845244059?dnt=1&amp;app_id=122963&autoplay=0&loop=0&controls=1&muted=0\" width=\"1280\" height=\"720\" frameborder=\"0\" allow=\"autoplay; fullscreen; picture-in-picture\" allowfullscreen><\/iframe><\/div><\/script><div class='av-click-to-play-overlay'><div class=\"avia_playpause_icon\"><\/div><\/div><\/div><\/p><\/div>\n\n<style type=\"text\/css\" data-created_by=\"avia_inline_auto\" id=\"style-css-av-av_one_half-b9ed06d1b66410583cf66cfd98c9fb95\">\n.flex_column.av-av_one_half-b9ed06d1b66410583cf66cfd98c9fb95{\npadding:30px 30px 30px 30px;\nbackground-color:#f7f7f7;\n}\n<\/style>\n<div  class='flex_column av-av_one_half-b9ed06d1b66410583cf66cfd98c9fb95 av_one_half  avia-builder-el-18  el_after_av_one_half  el_before_av_one_half  first flex_column_div  column-top-margin'     ><p>\n<style type=\"text\/css\" data-created_by=\"avia_inline_auto\" id=\"style-css-av-av_heading-9172fcc61c61fc7029907def7f7334d2\">\n#top .av-special-heading.av-av_heading-9172fcc61c61fc7029907def7f7334d2{\npadding-bottom:10px;\ncolor:#f0593e;\n}\nbody .av-special-heading.av-av_heading-9172fcc61c61fc7029907def7f7334d2 .av-special-heading-tag .heading-char{\nfont-size:25px;\n}\n.av-special-heading.av-av_heading-9172fcc61c61fc7029907def7f7334d2 .special-heading-inner-border{\nborder-color:#f0593e;\n}\n.av-special-heading.av-av_heading-9172fcc61c61fc7029907def7f7334d2 .av-subheading{\nfont-size:15px;\ncolor:#1c1c1c;\n}\n<\/style>\n<div  class='av-special-heading av-av_heading-9172fcc61c61fc7029907def7f7334d2 av-special-heading-h2 custom-color-heading blockquote modern-quote modern-centered  avia-builder-el-19  el_before_av_hr  avia-builder-el-first '><h2 class='av-special-heading-tag '  itemprop=\"headline\"  >LUISA CATTANEO<\/h2><div class=\"special-heading-border\"><div class=\"special-heading-inner-border\"><\/div><\/div><\/div><br \/>\n<div  class='hr av-av_hr-91d7ccd583a503147498e120fee2ff9b hr-default  avia-builder-el-20  el_after_av_heading  el_before_av_video '><span class='hr-inner '><span class=\"hr-inner-style\"><\/span><\/span><\/div><br \/>\n<div  class='avia-video av-av_video-6cadd86e5dd737b1d6c331665796268a avia-video-16-9 av-no-preview-image avia-video-load-always av-lazyload-immediate av-lazyload-video-embed'  itemprop=\"video\" itemtype=\"https:\/\/schema.org\/VideoObject\"  data-original_url='https:\/\/vimeo.com\/845241117'><script type='text\/html' class='av-video-tmpl'><div class='avia-iframe-wrap'><iframe loading=\"lazy\" title=\"Colloque &quot;Na\u00eetre \u00e0 la crois\u00e9e des mondes&quot; - Interview de Luisa Cattaneo - Crinali\" src=\"https:\/\/player.vimeo.com\/video\/845241117?dnt=1&amp;app_id=122963&autoplay=0&loop=0&controls=1&muted=0\" width=\"1280\" height=\"720\" frameborder=\"0\" allow=\"autoplay; fullscreen; picture-in-picture\" allowfullscreen><\/iframe><\/div><\/script><div class='av-click-to-play-overlay'><div class=\"avia_playpause_icon\"><\/div><\/div><\/div><\/p><\/div>\n\n<style type=\"text\/css\" data-created_by=\"avia_inline_auto\" id=\"style-css-av-av_one_half-d952ec3a29dbced2cdcefd07c9340dd7\">\n.flex_column.av-av_one_half-d952ec3a29dbced2cdcefd07c9340dd7{\npadding:30px 30px 30px 30px;\nbackground-color:#f7f7f7;\n}\n<\/style>\n<div  class='flex_column av-av_one_half-d952ec3a29dbced2cdcefd07c9340dd7 av_one_half  avia-builder-el-22  el_after_av_one_half  el_before_av_one_half  flex_column_div  column-top-margin'     ><p>\n<style type=\"text\/css\" data-created_by=\"avia_inline_auto\" id=\"style-css-av-av_heading-93c16fdab06d373f5900199414398b5c\">\n#top .av-special-heading.av-av_heading-93c16fdab06d373f5900199414398b5c{\npadding-bottom:10px;\ncolor:#f0593e;\n}\nbody .av-special-heading.av-av_heading-93c16fdab06d373f5900199414398b5c .av-special-heading-tag .heading-char{\nfont-size:25px;\n}\n.av-special-heading.av-av_heading-93c16fdab06d373f5900199414398b5c .special-heading-inner-border{\nborder-color:#f0593e;\n}\n.av-special-heading.av-av_heading-93c16fdab06d373f5900199414398b5c .av-subheading{\nfont-size:15px;\ncolor:#1c1c1c;\n}\n<\/style>\n<div  class='av-special-heading av-av_heading-93c16fdab06d373f5900199414398b5c av-special-heading-h2 custom-color-heading blockquote modern-quote modern-centered  avia-builder-el-23  el_before_av_hr  avia-builder-el-first '><h2 class='av-special-heading-tag '  itemprop=\"headline\"  >LOTFI OUANEZAR <\/h2><div class=\"special-heading-border\"><div class=\"special-heading-inner-border\"><\/div><\/div><\/div><br \/>\n<div  class='hr av-av_hr-91d7ccd583a503147498e120fee2ff9b hr-default  avia-builder-el-24  el_after_av_heading  el_before_av_video '><span class='hr-inner '><span class=\"hr-inner-style\"><\/span><\/span><\/div><br \/>\n<div  class='avia-video av-av_video-d36634a02020fff26e1879495f6e6707 avia-video-16-9 av-no-preview-image avia-video-load-always av-lazyload-immediate av-lazyload-video-embed'  itemprop=\"video\" itemtype=\"https:\/\/schema.org\/VideoObject\"  data-original_url='https:\/\/vimeo.com\/848040286'><script type='text\/html' class='av-video-tmpl'><div class='avia-iframe-wrap'><iframe loading=\"lazy\" title=\"Colloque &quot;Na\u00eetre \u00e0 la crois\u00e9e des mondes&quot; - Interview de Lotfi OUANEZAR - Emma\u00fcs Solidarit\u00e9\" src=\"https:\/\/player.vimeo.com\/video\/848040286?dnt=1&amp;app_id=122963&autoplay=0&loop=0&controls=1&muted=0\" width=\"1280\" height=\"720\" frameborder=\"0\" allow=\"autoplay; fullscreen; picture-in-picture\" allowfullscreen><\/iframe><\/div><\/script><div class='av-click-to-play-overlay'><div class=\"avia_playpause_icon\"><\/div><\/div><\/div><\/p><\/div>\n\n<style type=\"text\/css\" data-created_by=\"avia_inline_auto\" id=\"style-css-av-av_one_half-b9ed06d1b66410583cf66cfd98c9fb95\">\n.flex_column.av-av_one_half-b9ed06d1b66410583cf66cfd98c9fb95{\npadding:30px 30px 30px 30px;\nbackground-color:#f7f7f7;\n}\n<\/style>\n<div  class='flex_column av-av_one_half-b9ed06d1b66410583cf66cfd98c9fb95 av_one_half  avia-builder-el-26  el_after_av_one_half  el_before_av_one_half  first flex_column_div  column-top-margin'     ><p>\n<style type=\"text\/css\" data-created_by=\"avia_inline_auto\" id=\"style-css-av-lnea38oo-29e0f1d893f4ddd64c6b8b6b91580634\">\n#top .av-special-heading.av-lnea38oo-29e0f1d893f4ddd64c6b8b6b91580634{\npadding-bottom:10px;\ncolor:#f0593e;\n}\nbody .av-special-heading.av-lnea38oo-29e0f1d893f4ddd64c6b8b6b91580634 .av-special-heading-tag .heading-char{\nfont-size:25px;\n}\n.av-special-heading.av-lnea38oo-29e0f1d893f4ddd64c6b8b6b91580634 .special-heading-inner-border{\nborder-color:#f0593e;\n}\n.av-special-heading.av-lnea38oo-29e0f1d893f4ddd64c6b8b6b91580634 .av-subheading{\nfont-size:15px;\ncolor:#1c1c1c;\n}\n<\/style>\n<div  class='av-special-heading av-lnea38oo-29e0f1d893f4ddd64c6b8b6b91580634 av-special-heading-h2 custom-color-heading blockquote modern-quote modern-centered  avia-builder-el-27  el_before_av_hr  avia-builder-el-first '><h2 class='av-special-heading-tag '  itemprop=\"headline\"  >PASCUAL PALAU SUBIELA<\/h2><div class=\"special-heading-border\"><div class=\"special-heading-inner-border\"><\/div><\/div><\/div><br \/>\n<div  class='hr av-av_hr-91d7ccd583a503147498e120fee2ff9b hr-default  avia-builder-el-28  el_after_av_heading  el_before_av_video '><span class='hr-inner '><span class=\"hr-inner-style\"><\/span><\/span><\/div><br \/>\n<div  class='avia-video av-lnea3ebl-9927804ca5667736c6185d1bd8349f40 avia-video-16-9 av-no-preview-image avia-video-load-always av-lazyload-immediate av-lazyload-video-embed'  itemprop=\"video\" itemtype=\"https:\/\/schema.org\/VideoObject\"  data-original_url='https:\/\/vimeo.com\/870221518'><script type='text\/html' class='av-video-tmpl'><div class='avia-iframe-wrap'><iframe loading=\"lazy\" title=\"Colloque &quot;Na\u00eetre \u00e0 la crois\u00e9e des mondes&quot; - Interview de Pascual Palau Subiela\" src=\"https:\/\/player.vimeo.com\/video\/870221518?dnt=1&amp;app_id=122963&autoplay=0&loop=0&controls=1&muted=0\" width=\"1280\" height=\"720\" frameborder=\"0\" allow=\"autoplay; fullscreen; picture-in-picture\"><\/iframe><\/div><\/script><div class='av-click-to-play-overlay'><div class=\"avia_playpause_icon\"><\/div><\/div><\/div><\/p><\/div><div  class='flex_column av-av_one_half-f1c518e9ff58e869f80c8f093487abc9 av_one_half  avia-builder-el-30  el_after_av_one_half  avia-builder-el-last  flex_column_div  column-top-margin'     ><\/div><\/p>\n","protected":false},"excerpt":{"rendered":"","protected":false},"author":1,"featured_media":0,"parent":0,"menu_order":0,"comment_status":"closed","ping_status":"closed","template":"","meta":{"footnotes":""},"class_list":["post-434","page","type-page","status-publish","hentry"],"_links":{"self":[{"href":"https:\/\/centre-babel.fr\/colloque-babel\/en\/wp-json\/wp\/v2\/pages\/434","targetHints":{"allow":["GET"]}}],"collection":[{"href":"https:\/\/centre-babel.fr\/colloque-babel\/en\/wp-json\/wp\/v2\/pages"}],"about":[{"href":"https:\/\/centre-babel.fr\/colloque-babel\/en\/wp-json\/wp\/v2\/types\/page"}],"author":[{"embeddable":true,"href":"https:\/\/centre-babel.fr\/colloque-babel\/en\/wp-json\/wp\/v2\/users\/1"}],"replies":[{"embeddable":true,"href":"https:\/\/centre-babel.fr\/colloque-babel\/en\/wp-json\/wp\/v2\/comments?post=434"}],"version-history":[{"count":12,"href":"https:\/\/centre-babel.fr\/colloque-babel\/en\/wp-json\/wp\/v2\/pages\/434\/revisions"}],"predecessor-version":[{"id":1262,"href":"https:\/\/centre-babel.fr\/colloque-babel\/en\/wp-json\/wp\/v2\/pages\/434\/revisions\/1262"}],"wp:attachment":[{"href":"https:\/\/centre-babel.fr\/colloque-babel\/en\/wp-json\/wp\/v2\/media?parent=434"}],"curies":[{"name":"wp","href":"https:\/\/api.w.org\/{rel}","templated":true}]}}