{"id":400,"date":"2023-04-10T11:22:51","date_gmt":"2023-04-10T09:22:51","guid":{"rendered":"https:\/\/centre-babel.fr\/colloque-babel\/video\/"},"modified":"2023-11-02T10:13:08","modified_gmt":"2023-11-02T09:13:08","slug":"video","status":"publish","type":"page","link":"https:\/\/centre-babel.fr\/colloque-babel\/en\/video\/","title":{"rendered":"VIDEOS"},"content":{"rendered":"<div  class='flex_column av-av_one_half-7714eba142aeda1f8b5272a3c372b279 av_one_half  avia-builder-el-0  el_before_av_one_half  avia-builder-el-first  first flex_column_div  '     ><div  class='avia-video av-av_video-0d33462965a0925034ca837f94fb20bf avia-video-16-9 av-no-preview-image avia-video-load-always av-lazyload-immediate av-lazyload-video-embed'  itemprop=\"video\" itemtype=\"https:\/\/schema.org\/VideoObject\"  data-original_url='https:\/\/vimeo.com\/880160292?share=copy'><script type='text\/html' class='av-video-tmpl'><div class='avia-iframe-wrap'><iframe loading=\"lazy\" title=\"Colloque &quot;Nai\u0302tre \u00e0 la crois\u00e9e des mondes&quot; - Pre\u0301sentation Amalini SIMON\" src=\"https:\/\/player.vimeo.com\/video\/880160292?dnt=1&amp;app_id=122963&autoplay=0&loop=0&controls=1&muted=0\" width=\"1500\" height=\"844\" frameborder=\"0\" allow=\"autoplay; fullscreen; picture-in-picture\"><\/iframe><\/div><\/script><div class='av-click-to-play-overlay'><div class=\"avia_playpause_icon\"><\/div><\/div><\/div><\/div>\n<div  class='flex_column av-av_one_half-f1c518e9ff58e869f80c8f093487abc9 av_one_half  avia-builder-el-2  el_after_av_one_half  el_before_av_hr  flex_column_div  '     ><style type=\"text\/css\" data-created_by=\"avia_inline_auto\" id=\"style-css-av-av_video-b0c277b400bb1b0db60a5df14fee148e\">\n.avia-video.av-av_video-b0c277b400bb1b0db60a5df14fee148e{\nbackground-image:url(https:\/\/centre-babel.fr\/colloque-babel\/wp-content\/uploads\/2023\/04\/play.jpg);\n}\n<\/style>\n<div  class='avia-video av-av_video-b0c277b400bb1b0db60a5df14fee148e avia-video-16-9 av-preview-image avia-video-load-always av-lazyload-immediate av-lazyload-video-embed'  itemprop=\"video\" itemtype=\"https:\/\/schema.org\/VideoObject\"  data-original_url='https:\/\/vimeo.com\/835786580'><script type='text\/html' class='av-video-tmpl'><div class='avia-iframe-wrap'><iframe loading=\"lazy\" title=\"Colloque &quot;Na\u00eetre \u00e0 la crois\u00e9e des mondes&quot;- 21 nov 2023\" src=\"https:\/\/player.vimeo.com\/video\/835786580?dnt=1&amp;app_id=122963&autoplay=0&loop=0&controls=1&muted=0\" width=\"1280\" height=\"720\" frameborder=\"0\" allow=\"autoplay; fullscreen; picture-in-picture\"><\/iframe><\/div><\/script><div class='av-click-to-play-overlay'><div class=\"avia_playpause_icon\"><\/div><\/div><\/div><\/div>\n<div  class='hr av-7ry34-dc202f54e44f982e15ff0713365d1979 hr-default  avia-builder-el-4  el_after_av_one_half  el_before_av_one_half '><span class='hr-inner '><span class=\"hr-inner-style\"><\/span><\/span><\/div>\n<div  class='flex_column av-hjgeo-f82f97a3ebf8b57619fafa199f020f39 av_one_half  avia-builder-el-5  el_after_av_hr  el_before_av_one_half  first flex_column_div  '     ><style type=\"text\/css\" data-created_by=\"avia_inline_auto\" id=\"style-css-av-74h6g-bcaf42b1696db9d81a4780f437dd604c\">\n.avia-video.av-74h6g-bcaf42b1696db9d81a4780f437dd604c{\nbackground-image:url(https:\/\/centre-babel.fr\/colloque-babel\/wp-content\/uploads\/2023\/04\/play.jpg);\n}\n<\/style>\n<div  class='avia-video av-74h6g-bcaf42b1696db9d81a4780f437dd604c avia-video-16-9 av-preview-image avia-video-load-always av-lazyload-immediate av-lazyload-video-embed'  itemprop=\"video\" itemtype=\"https:\/\/schema.org\/VideoObject\"  data-original_url='https:\/\/vimeo.com\/802753656'><script type='text\/html' class='av-video-tmpl'><div class='avia-iframe-wrap'><iframe loading=\"lazy\" title=\"Colloque &quot;Na\u00eetre \u00e0 la crois\u00e9e des mondes&quot; - Dr Serge Bouznah\" src=\"https:\/\/player.vimeo.com\/video\/802753656?dnt=1&amp;app_id=122963&autoplay=0&loop=0&controls=1&muted=0\" width=\"1500\" height=\"844\" frameborder=\"0\" allow=\"autoplay; fullscreen; picture-in-picture\"><\/iframe><\/div><\/script><div class='av-click-to-play-overlay'><div class=\"avia_playpause_icon\"><\/div><\/div><\/div><\/div>\n<div  class='flex_column av-lvj8g-ed1e1e47cf4dd26af96ef6426e37deae av_one_half  avia-builder-el-7  el_after_av_one_half  el_before_av_hr  flex_column_div  '     ><style type=\"text\/css\" data-created_by=\"avia_inline_auto\" id=\"style-css-av-lganzffg-ceb8e5b2da43cdd9959acb8eda8575e8\">\n.avia-video.av-lganzffg-ceb8e5b2da43cdd9959acb8eda8575e8{\nbackground-image:url(https:\/\/centre-babel.fr\/colloque-babel\/wp-content\/uploads\/2023\/04\/Video-S-Bouznah-scaled-1.jpg);\n}\n<\/style>\n<div  class='avia-video av-lganzffg-ceb8e5b2da43cdd9959acb8eda8575e8 avia-video-16-9 av-preview-image avia-video-load-always avia-video-html5'  itemprop=\"video\" itemtype=\"https:\/\/schema.org\/VideoObject\"  data-original_url='https:\/\/centre-babel.fr\/videos\/serge-bouznah-itv1.mp4'><video class='avia_video' poster=\"https:\/\/centre-babel.fr\/colloque-babel\/wp-content\/uploads\/2023\/04\/Video-S-Bouznah-scaled-1.jpg\"   preload=\"auto\"  controls id='player_400_305280116_429766616'><source src='https:\/\/centre-babel.fr\/videos\/serge-bouznah-itv1.mp4' type='video\/mp4' \/><\/video><\/div><\/div>\n<div  class='hr av-av_hr-91d7ccd583a503147498e120fee2ff9b hr-default  avia-builder-el-9  el_after_av_one_half  el_before_av_one_half '><span class='hr-inner '><span class=\"hr-inner-style\"><\/span><\/span><\/div>\n<div  class='flex_column av-gjsgg-1a1f819cf2fa486fcd90adf2ab7b94e2 av_one_half  avia-builder-el-10  el_after_av_hr  el_before_av_one_half  first flex_column_div  '     ><style type=\"text\/css\" data-created_by=\"avia_inline_auto\" id=\"style-css-av-9rbj4-c47ece30b91b0ff912b70e308a989f3e\">\n.avia-video.av-9rbj4-c47ece30b91b0ff912b70e308a989f3e{\nbackground-image:url(https:\/\/centre-babel.fr\/colloque-babel\/wp-content\/uploads\/2023\/04\/play.jpg);\n}\n<\/style>\n<div  class='avia-video av-9rbj4-c47ece30b91b0ff912b70e308a989f3e avia-video-16-9 av-preview-image avia-video-load-always avia-video-html5'  itemprop=\"video\" itemtype=\"https:\/\/schema.org\/VideoObject\"  data-original_url='https:\/\/centre-babel.fr\/wp-content\/uploads\/2023\/04\/marie-rose-moro-colloque-2023.mp4'><video class='avia_video' poster=\"https:\/\/centre-babel.fr\/colloque-babel\/wp-content\/uploads\/2023\/04\/play.jpg\"   preload=\"auto\"  controls id='player_400_349360014_695287648'><source src='https:\/\/centre-babel.fr\/wp-content\/uploads\/2023\/04\/marie-rose-moro-colloque-2023.mp4' type='video\/mp4' \/><\/video><\/div><\/div>\n<div  class='flex_column av-av_one_half-f1c518e9ff58e869f80c8f093487abc9 av_one_half  avia-builder-el-12  el_after_av_one_half  avia-builder-el-last  flex_column_div  '     ><style type=\"text\/css\" data-created_by=\"avia_inline_auto\" id=\"style-css-av-lk6vmxty-69f454b187323e1b6d5779a15352e449\">\n.avia-video.av-lk6vmxty-69f454b187323e1b6d5779a15352e449{\nbackground-image:url(https:\/\/centre-babel.fr\/colloque-babel\/wp-content\/uploads\/2023\/04\/play.jpg);\n}\n<\/style>\n<div  class='avia-video av-lk6vmxty-69f454b187323e1b6d5779a15352e449 avia-video-16-9 av-preview-image avia-video-load-always av-lazyload-immediate av-lazyload-video-embed'  itemprop=\"video\" itemtype=\"https:\/\/schema.org\/VideoObject\"  data-original_url='https:\/\/vimeo.com\/845259275?share=copy'><script type='text\/html' class='av-video-tmpl'><div class='avia-iframe-wrap'><iframe loading=\"lazy\" title=\"Hawa  Camara - Rahmeth Radjack - Pre\u0301sentation du colloque\" src=\"https:\/\/player.vimeo.com\/video\/845259275?dnt=1&amp;app_id=122963&autoplay=0&loop=0&controls=1&muted=0\" width=\"1500\" height=\"844\" frameborder=\"0\" allow=\"autoplay; fullscreen; picture-in-picture\"><\/iframe><\/div><\/script><div class='av-click-to-play-overlay'><div class=\"avia_playpause_icon\"><\/div><\/div><\/div><\/div>\n","protected":false},"excerpt":{"rendered":"","protected":false},"author":1,"featured_media":0,"parent":0,"menu_order":0,"comment_status":"closed","ping_status":"closed","template":"","meta":{"footnotes":""},"class_list":["post-400","page","type-page","status-publish","hentry"],"_links":{"self":[{"href":"https:\/\/centre-babel.fr\/colloque-babel\/en\/wp-json\/wp\/v2\/pages\/400","targetHints":{"allow":["GET"]}}],"collection":[{"href":"https:\/\/centre-babel.fr\/colloque-babel\/en\/wp-json\/wp\/v2\/pages"}],"about":[{"href":"https:\/\/centre-babel.fr\/colloque-babel\/en\/wp-json\/wp\/v2\/types\/page"}],"author":[{"embeddable":true,"href":"https:\/\/centre-babel.fr\/colloque-babel\/en\/wp-json\/wp\/v2\/users\/1"}],"replies":[{"embeddable":true,"href":"https:\/\/centre-babel.fr\/colloque-babel\/en\/wp-json\/wp\/v2\/comments?post=400"}],"version-history":[{"count":10,"href":"https:\/\/centre-babel.fr\/colloque-babel\/en\/wp-json\/wp\/v2\/pages\/400\/revisions"}],"predecessor-version":[{"id":1498,"href":"https:\/\/centre-babel.fr\/colloque-babel\/en\/wp-json\/wp\/v2\/pages\/400\/revisions\/1498"}],"wp:attachment":[{"href":"https:\/\/centre-babel.fr\/colloque-babel\/en\/wp-json\/wp\/v2\/media?parent=400"}],"curies":[{"name":"wp","href":"https:\/\/api.w.org\/{rel}","templated":true}]}}